{"id":1830,"date":"2019-08-14T15:27:54","date_gmt":"2019-08-14T15:27:54","guid":{"rendered":"https:\/\/granderp.com\/apie-mus\/"},"modified":"2024-02-06T12:03:49","modified_gmt":"2024-02-06T12:03:49","slug":"apie-mus","status":"publish","type":"page","link":"https:\/\/granderp.com\/lt\/apie-mus\/","title":{"rendered":"Apie mus"},"content":{"rendered":"\t\t<div data-elementor-type=\"wp-post\" data-elementor-id=\"1830\" class=\"elementor elementor-1830 elementor-19\">\n\t\t\t\t\t\t<section class=\"elementor-section elementor-top-section elementor-element elementor-element-1c80b4a elementor-section-boxed elementor-section-height-default elementor-section-height-default\" data-id=\"1c80b4a\" data-element_type=\"section\" data-e-type=\"section\" data-settings=\"{&quot;jet_parallax_layout_list&quot;:[{&quot;jet_parallax_layout_image&quot;:{&quot;url&quot;:&quot;&quot;,&quot;id&quot;:&quot;&quot;,&quot;size&quot;:&quot;&quot;},&quot;_id&quot;:&quot;411049f&quot;,&quot;jet_parallax_layout_image_tablet&quot;:{&quot;url&quot;:&quot;&quot;,&quot;id&quot;:&quot;&quot;,&quot;size&quot;:&quot;&quot;},&quot;jet_parallax_layout_image_mobile&quot;:{&quot;url&quot;:&quot;&quot;,&quot;id&quot;:&quot;&quot;,&quot;size&quot;:&quot;&quot;},&quot;jet_parallax_layout_speed&quot;:{&quot;unit&quot;:&quot;%&quot;,&quot;size&quot;:&quot;50&quot;,&quot;sizes&quot;:[]},&quot;jet_parallax_layout_bg_x&quot;:&quot;50&quot;,&quot;jet_parallax_layout_bg_y&quot;:&quot;50&quot;,&quot;jet_parallax_layout_type&quot;:&quot;scroll&quot;,&quot;jet_parallax_layout_direction&quot;:&quot;1&quot;,&quot;jet_parallax_layout_fx_direction&quot;:null,&quot;jet_parallax_layout_z_index&quot;:&quot;&quot;,&quot;jet_parallax_layout_bg_x_tablet&quot;:&quot;&quot;,&quot;jet_parallax_layout_bg_x_mobile&quot;:&quot;&quot;,&quot;jet_parallax_layout_bg_y_tablet&quot;:&quot;&quot;,&quot;jet_parallax_layout_bg_y_mobile&quot;:&quot;&quot;,&quot;jet_parallax_layout_bg_size&quot;:&quot;auto&quot;,&quot;jet_parallax_layout_bg_size_tablet&quot;:&quot;&quot;,&quot;jet_parallax_layout_bg_size_mobile&quot;:&quot;&quot;,&quot;jet_parallax_layout_animation_prop&quot;:&quot;transform&quot;,&quot;jet_parallax_layout_on&quot;:[&quot;desktop&quot;,&quot;tablet&quot;]}],&quot;background_background&quot;:&quot;classic&quot;}\">\n\t\t\t\t\t\t<div class=\"elementor-container elementor-column-gap-default\">\n\t\t\t\t\t<div class=\"elementor-column elementor-col-100 elementor-top-column elementor-element elementor-element-a407d3a\" data-id=\"a407d3a\" data-element_type=\"column\" data-e-type=\"column\">\n\t\t\t<div class=\"elementor-widget-wrap\">\n\t\t\t\t\t\t\t<\/div>\n\t\t<\/div>\n\t\t\t\t\t<\/div>\n\t\t<\/section>\n\t\t\t\t<section class=\"elementor-section elementor-top-section elementor-element elementor-element-48c63c5 elementor-section-boxed elementor-section-height-default elementor-section-height-default\" data-id=\"48c63c5\" data-element_type=\"section\" data-e-type=\"section\" data-settings=\"{&quot;jet_parallax_layout_list&quot;:[]}\">\n\t\t\t\t\t\t<div class=\"elementor-container elementor-column-gap-default\">\n\t\t\t\t\t<div class=\"elementor-column elementor-col-100 elementor-top-column elementor-element elementor-element-2a3ddac\" data-id=\"2a3ddac\" data-element_type=\"column\" data-e-type=\"column\">\n\t\t\t<div class=\"elementor-widget-wrap elementor-element-populated\">\n\t\t\t\t\t\t<div class=\"elementor-element elementor-element-cd7d9b7 elementor-mobile-align-center elementor-align-left elementor-widget elementor-widget-raven-heading\" data-id=\"cd7d9b7\" data-element_type=\"widget\" data-e-type=\"widget\" data-widget_type=\"raven-heading.default\">\n\t\t\t\t<div class=\"elementor-widget-container\">\n\t\t\t\t\t\t\t<div class=\"raven-widget-wrapper\"><h2 class=\"raven-heading raven-heading-h2\"><span class=\"raven-heading-title \">M\u016aS\u0172 ISTORIJA<\/span><\/h2><\/div>\n\t\t\t\t\t\t<\/div>\n\t\t\t\t<\/div>\n\t\t\t\t<div class=\"elementor-element elementor-element-818d7b8 elementor-widget elementor-widget-text-editor\" data-id=\"818d7b8\" data-element_type=\"widget\" data-e-type=\"widget\" data-widget_type=\"text-editor.default\">\n\t\t\t\t<div class=\"elementor-widget-container\">\n\t\t\t\t\t\t\t\t\t<p>Mes esame energinga ir novatori\u0161ka \u012fmoni\u0173 grup\u0117 kurios talentinga komanda teikia plataus spektro IT paslaugas Lietuvoje ir visame pasaulyje.\u00a0M\u016bs\u0173 pagrindin\u0117s sritys yra \u012fvair\u016bs individual\u016bs programavimo sprendimai, ypatingai su \u201ePython\u201c ir \u201eJavaScript\u201c kalbomis, o m\u016bs\u0173 aistra &#8211; nuolatinis produktyvumo ir efektyvumo didinimas \u012fvairiose \u012fmon\u0117se.<\/p><p>Mes tvirtai tikime, kad \u012fmon\u0117s produktyvumas yra kritinis aspektas, kuris da\u017enai yra nepakankamai vertinamas \u012fmon\u0117se. Mes \u012fdieg\u0117me lanks\u010dias metodikas siekdami j\u012f pagerint\u012f ir sustiprinti. Taikydami \u0161iuos principus, nuolat stengiam\u0117s optimizuoti darbo procesus ir teikti efektyviausius sprendimus m\u016bs\u0173 klientams.<\/p><p>M\u016bs\u0173 atsidavusi komanda yra \u012fsipareigojusi tenkinti visus klient\u0173 poreikius ir i\u0161\u0161ukius. Esame visada pasiruo\u0161\u0119 suteikti pagalb\u0105 ir palaikym\u0105, u\u017etikrindami, kad m\u016bs\u0173 klientai gali pasikliauti mumis bet kurioje situacijoje. Tai sustiprina \u012fvairiapusi\u0161ka ekspert\u0173 komanda, kuri ne tik i\u0161mano programavim\u0105, bet ir turi patirties gamybos, perdirbimo ir statybos srityse. J\u0173 \u017einios ir \u012f\u017evalgos leid\u017eia pritaikyti m\u016bs\u0173 produktus ir paslaugas atsi\u017evelgiant \u012f konkre\u010dius klient\u0173 reikalavimus.<\/p>\t\t\t\t\t\t\t\t<\/div>\n\t\t\t\t<\/div>\n\t\t\t\t\t<\/div>\n\t\t<\/div>\n\t\t\t\t\t<\/div>\n\t\t<\/section>\n\t\t\t\t<section class=\"elementor-section elementor-top-section elementor-element elementor-element-e19d9ef elementor-section-content-middle elementor-section-boxed elementor-section-height-default elementor-section-height-default\" data-id=\"e19d9ef\" data-element_type=\"section\" data-e-type=\"section\" data-settings=\"{&quot;jet_parallax_layout_list&quot;:[{&quot;jet_parallax_layout_image&quot;:{&quot;url&quot;:&quot;&quot;,&quot;id&quot;:&quot;&quot;,&quot;size&quot;:&quot;&quot;},&quot;_id&quot;:&quot;ce99531&quot;,&quot;jet_parallax_layout_image_tablet&quot;:{&quot;url&quot;:&quot;&quot;,&quot;id&quot;:&quot;&quot;,&quot;size&quot;:&quot;&quot;},&quot;jet_parallax_layout_image_mobile&quot;:{&quot;url&quot;:&quot;&quot;,&quot;id&quot;:&quot;&quot;,&quot;size&quot;:&quot;&quot;},&quot;jet_parallax_layout_speed&quot;:{&quot;unit&quot;:&quot;%&quot;,&quot;size&quot;:&quot;50&quot;,&quot;sizes&quot;:[]},&quot;jet_parallax_layout_bg_x&quot;:&quot;50&quot;,&quot;jet_parallax_layout_bg_y&quot;:&quot;50&quot;,&quot;jet_parallax_layout_type&quot;:&quot;scroll&quot;,&quot;jet_parallax_layout_direction&quot;:&quot;1&quot;,&quot;jet_parallax_layout_fx_direction&quot;:null,&quot;jet_parallax_layout_z_index&quot;:&quot;&quot;,&quot;jet_parallax_layout_bg_x_tablet&quot;:&quot;&quot;,&quot;jet_parallax_layout_bg_x_mobile&quot;:&quot;&quot;,&quot;jet_parallax_layout_bg_y_tablet&quot;:&quot;&quot;,&quot;jet_parallax_layout_bg_y_mobile&quot;:&quot;&quot;,&quot;jet_parallax_layout_bg_size&quot;:&quot;auto&quot;,&quot;jet_parallax_layout_bg_size_tablet&quot;:&quot;&quot;,&quot;jet_parallax_layout_bg_size_mobile&quot;:&quot;&quot;,&quot;jet_parallax_layout_animation_prop&quot;:&quot;transform&quot;,&quot;jet_parallax_layout_on&quot;:[&quot;desktop&quot;,&quot;tablet&quot;]}]}\">\n\t\t\t\t\t\t<div class=\"elementor-container elementor-column-gap-default\">\n\t\t\t\t\t<div class=\"elementor-column elementor-col-50 elementor-top-column elementor-element elementor-element-ac52a9f\" data-id=\"ac52a9f\" data-element_type=\"column\" data-e-type=\"column\">\n\t\t\t<div class=\"elementor-widget-wrap elementor-element-populated\">\n\t\t\t\t\t\t<div class=\"elementor-element elementor-element-6733136 interesitingabouttext elementor-widget elementor-widget-heading\" data-id=\"6733136\" data-element_type=\"widget\" data-e-type=\"widget\" data-widget_type=\"heading.default\">\n\t\t\t\t<div class=\"elementor-widget-container\">\n\t\t\t\t\t<h2 class=\"elementor-heading-title elementor-size-default\"><span>I\u0161saugokite laik\u0105,<\/span> padarydamas pasaul\u012f produktyvesniu.<\/h2>\t\t\t\t<\/div>\n\t\t\t\t<\/div>\n\t\t\t\t\t<\/div>\n\t\t<\/div>\n\t\t\t\t<div class=\"elementor-column elementor-col-50 elementor-top-column elementor-element elementor-element-26210b8\" data-id=\"26210b8\" data-element_type=\"column\" data-e-type=\"column\">\n\t\t\t<div class=\"elementor-widget-wrap elementor-element-populated\">\n\t\t\t\t\t\t<div class=\"elementor-element elementor-element-e774a28 elementor-widget elementor-widget-text-editor\" data-id=\"e774a28\" data-element_type=\"widget\" data-e-type=\"widget\" data-widget_type=\"text-editor.default\">\n\t\t\t\t<div class=\"elementor-widget-container\">\n\t\t\t\t\t\t\t\t\t<p>Nors m\u016bs\u0173 pagrindin\u0117 veikla yra Lietuvoje, mes j\u0105 i\u0161pl\u0117t\u0117me ir aptarnaujame klientus kitose Europos \u0161alyse. Be to, viena i\u0161 m\u016bs\u0173 \u012fmoni\u0173 specializuojasi serveri\u0173 nuomos ir administravimo paslaugose, suteikdama patikimus sprendimus verslo sistem\u0173 talpinimo poreikiams. Taip pat turime komand\u0105, kuri i\u0161skirtinai orientuota \u012f inovacijas Ji nuolat tiria rink\u0105 ir naujausias technologijas, naudoja dirbtin\u012f intelekt\u0105 bei kitas pa\u017eangiausias technologijas ie\u0161kodama geriausi\u0173 sprendim\u0173 integruoti jas \u012f m\u016bs\u0173 produktus ir paslaugas<\/p><p>Mes esame pasiry\u017e\u0119 pasi\u016blyti i\u0161skirtinius sprendimus vir\u0161ijan\u010dius klient\u0173 l\u016bkes\u010dius. Nesvarbu, ar esate ma\u017ea, ar tarptautin\u0117 \u012fmon\u0117, mes \u012fsipareigojame Jums teikti tik auk\u0161\u010diausios kokyb\u0117s ilgalaikes paslaugas.<\/p>\t\t\t\t\t\t\t\t<\/div>\n\t\t\t\t<\/div>\n\t\t\t\t\t<\/div>\n\t\t<\/div>\n\t\t\t\t\t<\/div>\n\t\t<\/section>\n\t\t\t\t<section class=\"elementor-section elementor-top-section elementor-element elementor-element-ac226d9 elementor-section-content-middle elementor-section-boxed elementor-section-height-default elementor-section-height-default\" data-id=\"ac226d9\" data-element_type=\"section\" data-e-type=\"section\" data-settings=\"{&quot;jet_parallax_layout_list&quot;:[{&quot;jet_parallax_layout_image&quot;:{&quot;url&quot;:&quot;&quot;,&quot;id&quot;:&quot;&quot;,&quot;size&quot;:&quot;&quot;},&quot;_id&quot;:&quot;cbd9f59&quot;,&quot;jet_parallax_layout_image_tablet&quot;:{&quot;url&quot;:&quot;&quot;,&quot;id&quot;:&quot;&quot;,&quot;size&quot;:&quot;&quot;},&quot;jet_parallax_layout_image_mobile&quot;:{&quot;url&quot;:&quot;&quot;,&quot;id&quot;:&quot;&quot;,&quot;size&quot;:&quot;&quot;},&quot;jet_parallax_layout_speed&quot;:{&quot;unit&quot;:&quot;%&quot;,&quot;size&quot;:&quot;50&quot;,&quot;sizes&quot;:[]},&quot;jet_parallax_layout_bg_x&quot;:&quot;50&quot;,&quot;jet_parallax_layout_bg_y&quot;:&quot;50&quot;,&quot;jet_parallax_layout_type&quot;:&quot;scroll&quot;,&quot;jet_parallax_layout_direction&quot;:&quot;1&quot;,&quot;jet_parallax_layout_fx_direction&quot;:null,&quot;jet_parallax_layout_z_index&quot;:&quot;&quot;,&quot;jet_parallax_layout_bg_x_tablet&quot;:&quot;&quot;,&quot;jet_parallax_layout_bg_x_mobile&quot;:&quot;&quot;,&quot;jet_parallax_layout_bg_y_tablet&quot;:&quot;&quot;,&quot;jet_parallax_layout_bg_y_mobile&quot;:&quot;&quot;,&quot;jet_parallax_layout_bg_size&quot;:&quot;auto&quot;,&quot;jet_parallax_layout_bg_size_tablet&quot;:&quot;&quot;,&quot;jet_parallax_layout_bg_size_mobile&quot;:&quot;&quot;,&quot;jet_parallax_layout_animation_prop&quot;:&quot;transform&quot;,&quot;jet_parallax_layout_on&quot;:[&quot;desktop&quot;,&quot;tablet&quot;]}]}\">\n\t\t\t\t\t\t<div class=\"elementor-container elementor-column-gap-default\">\n\t\t\t\t\t<div class=\"elementor-column elementor-col-50 elementor-top-column elementor-element elementor-element-cf2b70d\" data-id=\"cf2b70d\" data-element_type=\"column\" data-e-type=\"column\" data-settings=\"{&quot;background_background&quot;:&quot;classic&quot;}\">\n\t\t\t<div class=\"elementor-widget-wrap elementor-element-populated\">\n\t\t\t\t\t\t<div class=\"elementor-element elementor-element-63a2500 elementor-mobile-align-center elementor-align-left elementor-widget elementor-widget-raven-heading\" data-id=\"63a2500\" data-element_type=\"widget\" data-e-type=\"widget\" data-widget_type=\"raven-heading.default\">\n\t\t\t\t<div class=\"elementor-widget-container\">\n\t\t\t\t\t\t\t<div class=\"raven-widget-wrapper\"><h2 class=\"raven-heading raven-heading-h2\"><span class=\"raven-heading-title \">Norite prisijungti prie m\u016bs\u0173 komandos?<\/span><\/h2><\/div>\n\t\t\t\t\t\t<\/div>\n\t\t\t\t<\/div>\n\t\t\t\t\t<\/div>\n\t\t<\/div>\n\t\t\t\t<div class=\"elementor-column elementor-col-50 elementor-top-column elementor-element elementor-element-aece8ea\" data-id=\"aece8ea\" data-element_type=\"column\" data-e-type=\"column\" data-settings=\"{&quot;background_background&quot;:&quot;classic&quot;}\">\n\t\t\t<div class=\"elementor-widget-wrap elementor-element-populated\">\n\t\t\t\t\t\t<div class=\"elementor-element elementor-element-b49f368 elementor-align-right elementor-mobile-align-center elementor-widget elementor-widget-raven-button\" data-id=\"b49f368\" data-element_type=\"widget\" data-e-type=\"widget\" data-settings=\"{&quot;turn_to_popup_action_button&quot;:&quot;no&quot;}\" data-widget_type=\"raven-button.default\">\n\t\t\t\t<div class=\"elementor-widget-container\">\n\t\t\t\t\t\t\t<div class=\"raven-widget-wrapper\">\n\t\t\t<a class=\"raven-button raven-button-widget-normal-effect-none  raven-button-text-align-center raven-button-link elementor-animation-none\" href=\"https:\/\/granderp.com\/lt\/kontaktai\/\">\t\t\t\t<div class=\"raven-button-overlay\" ><\/div>\n\t\t\t\t<span class=\"raven-button-content\">\n\t\t\t\t\t\n\t\t\t\t\t<div class=\"button-text-container\">\n\t\t\t\t\t\t\t\t\t\t\t\t<div class=\"raven-button-texts-wrapper\">\n\t\t\t\t\t\t\t<div class=\"button-text\">\n\t\t\t\t\t\t\t\t<span class=\"raven-button-text\">\n\t\t\t\t\t\t\t\t\tPrane\u0161kite mums\t\t\t\t\t\t\t\t<\/span>\n\t\t\t\t\t\t\t<\/div>\n\t\t\t\t\t\t\t\t\t\t\t\t\t<\/div>\n\t\t\t\t\t\t\t\t\t\t\t<\/div>\n\t\t\t\t\t\n\t\t\t\t\t\t\t\t\t<\/span>\n\t\t\t<\/a>\t\t<\/div>\n\t\t\t\t\t\t<\/div>\n\t\t\t\t<\/div>\n\t\t\t\t\t<\/div>\n\t\t<\/div>\n\t\t\t\t\t<\/div>\n\t\t<\/section>\n\t\t\t\t<\/div>\n\t\t","protected":false},"excerpt":{"rendered":"<p>M\u016aS\u0172 ISTORIJA Mes esame energinga ir novatori\u0161ka \u012fmoni\u0173 grup\u0117 kurios talentinga komanda teikia plataus spektro IT paslaugas Lietuvoje ir visame pasaulyje.\u00a0M\u016bs\u0173 pagrindin\u0117s sritys yra \u012fvair\u016bs individual\u016bs programavimo sprendimai, ypatingai su \u201ePython\u201c ir \u201eJavaScript\u201c kalbomis, o m\u016bs\u0173 aistra &#8211; nuolatinis produktyvumo ir efektyvumo didinimas \u012fvairiose \u012fmon\u0117se. Mes tvirtai tikime, kad \u012fmon\u0117s produktyvumas yra kritinis aspektas, kuris [&hellip;]<\/p>\n","protected":false},"author":1,"featured_media":0,"parent":0,"menu_order":0,"comment_status":"closed","ping_status":"closed","template":"elementor_header_footer","meta":{"_acf_changed":false,"footnotes":""},"class_list":["post-1830","page","type-page","status-publish","hentry"],"acf":[],"yoast_head":"<!-- This site is optimized with the Yoast SEO plugin v27.6 - https:\/\/yoast.com\/product\/yoast-seo-wordpress\/ -->\n<title>Apie mus - Granderp<\/title>\n<meta name=\"robots\" content=\"index, follow, max-snippet:-1, max-image-preview:large, max-video-preview:-1\" \/>\n<link rel=\"canonical\" href=\"https:\/\/granderp.com\/lt\/apie-mus\/\" \/>\n<meta property=\"og:locale\" content=\"lt_LT\" \/>\n<meta property=\"og:type\" content=\"article\" \/>\n<meta property=\"og:title\" content=\"Apie mus - Granderp\" \/>\n<meta property=\"og:description\" content=\"M\u016aS\u0172 ISTORIJA Mes esame energinga ir novatori\u0161ka \u012fmoni\u0173 grup\u0117 kurios talentinga komanda teikia plataus spektro IT paslaugas Lietuvoje ir visame pasaulyje.\u00a0M\u016bs\u0173 pagrindin\u0117s sritys yra \u012fvair\u016bs individual\u016bs programavimo sprendimai, ypatingai su \u201ePython\u201c ir \u201eJavaScript\u201c kalbomis, o m\u016bs\u0173 aistra &#8211; nuolatinis produktyvumo ir efektyvumo didinimas \u012fvairiose \u012fmon\u0117se. Mes tvirtai tikime, kad \u012fmon\u0117s produktyvumas yra kritinis aspektas, kuris [&hellip;]\" \/>\n<meta property=\"og:url\" content=\"https:\/\/granderp.com\/lt\/apie-mus\/\" \/>\n<meta property=\"og:site_name\" content=\"Granderp\" \/>\n<meta property=\"article:modified_time\" content=\"2024-02-06T12:03:49+00:00\" \/>\n<meta name=\"twitter:card\" content=\"summary_large_image\" \/>\n<meta name=\"twitter:label1\" content=\"Est. reading time\" \/>\n\t<meta name=\"twitter:data1\" content=\"1 minut\u0117\" \/>\n<script type=\"application\/ld+json\" class=\"yoast-schema-graph\">{\"@context\":\"https:\\\/\\\/schema.org\",\"@graph\":[{\"@type\":\"WebPage\",\"@id\":\"https:\\\/\\\/granderp.com\\\/lt\\\/apie-mus\\\/\",\"url\":\"https:\\\/\\\/granderp.com\\\/lt\\\/apie-mus\\\/\",\"name\":\"Apie mus - Granderp\",\"isPartOf\":{\"@id\":\"https:\\\/\\\/granderp.com\\\/#website\"},\"datePublished\":\"2019-08-14T15:27:54+00:00\",\"dateModified\":\"2024-02-06T12:03:49+00:00\",\"breadcrumb\":{\"@id\":\"https:\\\/\\\/granderp.com\\\/lt\\\/apie-mus\\\/#breadcrumb\"},\"inLanguage\":\"lt-LT\",\"potentialAction\":[{\"@type\":\"ReadAction\",\"target\":[\"https:\\\/\\\/granderp.com\\\/lt\\\/apie-mus\\\/\"]}]},{\"@type\":\"BreadcrumbList\",\"@id\":\"https:\\\/\\\/granderp.com\\\/lt\\\/apie-mus\\\/#breadcrumb\",\"itemListElement\":[{\"@type\":\"ListItem\",\"position\":1,\"name\":\"Home\",\"item\":\"https:\\\/\\\/granderp.com\\\/lt\\\/\"},{\"@type\":\"ListItem\",\"position\":2,\"name\":\"Apie mus\"}]},{\"@type\":\"WebSite\",\"@id\":\"https:\\\/\\\/granderp.com\\\/#website\",\"url\":\"https:\\\/\\\/granderp.com\\\/\",\"name\":\"Granderp.com\",\"description\":\"CRM Software. Designed for dynamic sales teams, streamlines your sales process with a user-friendly interface, mobile access, automated lead nurturing.\",\"publisher\":{\"@id\":\"https:\\\/\\\/granderp.com\\\/#organization\"},\"potentialAction\":[{\"@type\":\"SearchAction\",\"target\":{\"@type\":\"EntryPoint\",\"urlTemplate\":\"https:\\\/\\\/granderp.com\\\/?s={search_term_string}\"},\"query-input\":{\"@type\":\"PropertyValueSpecification\",\"valueRequired\":true,\"valueName\":\"search_term_string\"}}],\"inLanguage\":\"lt-LT\"},{\"@type\":\"Organization\",\"@id\":\"https:\\\/\\\/granderp.com\\\/#organization\",\"name\":\"Granderp\",\"url\":\"https:\\\/\\\/granderp.com\\\/\",\"logo\":{\"@type\":\"ImageObject\",\"inLanguage\":\"lt-LT\",\"@id\":\"https:\\\/\\\/granderp.com\\\/#\\\/schema\\\/logo\\\/image\\\/\",\"url\":\"https:\\\/\\\/granderp.com\\\/wp-content\\\/uploads\\\/2023\\\/06\\\/granderp-logo.svg\",\"contentUrl\":\"https:\\\/\\\/granderp.com\\\/wp-content\\\/uploads\\\/2023\\\/06\\\/granderp-logo.svg\",\"width\":587.2,\"height\":57.1,\"caption\":\"Granderp\"},\"image\":{\"@id\":\"https:\\\/\\\/granderp.com\\\/#\\\/schema\\\/logo\\\/image\\\/\"}}]}<\/script>\n<!-- \/ Yoast SEO plugin. -->","yoast_head_json":{"title":"Apie mus - Granderp","robots":{"index":"index","follow":"follow","max-snippet":"max-snippet:-1","max-image-preview":"max-image-preview:large","max-video-preview":"max-video-preview:-1"},"canonical":"https:\/\/granderp.com\/lt\/apie-mus\/","og_locale":"lt_LT","og_type":"article","og_title":"Apie mus - Granderp","og_description":"M\u016aS\u0172 ISTORIJA Mes esame energinga ir novatori\u0161ka \u012fmoni\u0173 grup\u0117 kurios talentinga komanda teikia plataus spektro IT paslaugas Lietuvoje ir visame pasaulyje.\u00a0M\u016bs\u0173 pagrindin\u0117s sritys yra \u012fvair\u016bs individual\u016bs programavimo sprendimai, ypatingai su \u201ePython\u201c ir \u201eJavaScript\u201c kalbomis, o m\u016bs\u0173 aistra &#8211; nuolatinis produktyvumo ir efektyvumo didinimas \u012fvairiose \u012fmon\u0117se. Mes tvirtai tikime, kad \u012fmon\u0117s produktyvumas yra kritinis aspektas, kuris [&hellip;]","og_url":"https:\/\/granderp.com\/lt\/apie-mus\/","og_site_name":"Granderp","article_modified_time":"2024-02-06T12:03:49+00:00","twitter_card":"summary_large_image","twitter_misc":{"Est. reading time":"1 minut\u0117"},"schema":{"@context":"https:\/\/schema.org","@graph":[{"@type":"WebPage","@id":"https:\/\/granderp.com\/lt\/apie-mus\/","url":"https:\/\/granderp.com\/lt\/apie-mus\/","name":"Apie mus - Granderp","isPartOf":{"@id":"https:\/\/granderp.com\/#website"},"datePublished":"2019-08-14T15:27:54+00:00","dateModified":"2024-02-06T12:03:49+00:00","breadcrumb":{"@id":"https:\/\/granderp.com\/lt\/apie-mus\/#breadcrumb"},"inLanguage":"lt-LT","potentialAction":[{"@type":"ReadAction","target":["https:\/\/granderp.com\/lt\/apie-mus\/"]}]},{"@type":"BreadcrumbList","@id":"https:\/\/granderp.com\/lt\/apie-mus\/#breadcrumb","itemListElement":[{"@type":"ListItem","position":1,"name":"Home","item":"https:\/\/granderp.com\/lt\/"},{"@type":"ListItem","position":2,"name":"Apie mus"}]},{"@type":"WebSite","@id":"https:\/\/granderp.com\/#website","url":"https:\/\/granderp.com\/","name":"Granderp.com","description":"CRM Software. Designed for dynamic sales teams, streamlines your sales process with a user-friendly interface, mobile access, automated lead nurturing.","publisher":{"@id":"https:\/\/granderp.com\/#organization"},"potentialAction":[{"@type":"SearchAction","target":{"@type":"EntryPoint","urlTemplate":"https:\/\/granderp.com\/?s={search_term_string}"},"query-input":{"@type":"PropertyValueSpecification","valueRequired":true,"valueName":"search_term_string"}}],"inLanguage":"lt-LT"},{"@type":"Organization","@id":"https:\/\/granderp.com\/#organization","name":"Granderp","url":"https:\/\/granderp.com\/","logo":{"@type":"ImageObject","inLanguage":"lt-LT","@id":"https:\/\/granderp.com\/#\/schema\/logo\/image\/","url":"https:\/\/granderp.com\/wp-content\/uploads\/2023\/06\/granderp-logo.svg","contentUrl":"https:\/\/granderp.com\/wp-content\/uploads\/2023\/06\/granderp-logo.svg","width":587.2,"height":57.1,"caption":"Granderp"},"image":{"@id":"https:\/\/granderp.com\/#\/schema\/logo\/image\/"}}]}},"_links":{"self":[{"href":"https:\/\/granderp.com\/lt\/wp-json\/wp\/v2\/pages\/1830","targetHints":{"allow":["GET"]}}],"collection":[{"href":"https:\/\/granderp.com\/lt\/wp-json\/wp\/v2\/pages"}],"about":[{"href":"https:\/\/granderp.com\/lt\/wp-json\/wp\/v2\/types\/page"}],"author":[{"embeddable":true,"href":"https:\/\/granderp.com\/lt\/wp-json\/wp\/v2\/users\/1"}],"replies":[{"embeddable":true,"href":"https:\/\/granderp.com\/lt\/wp-json\/wp\/v2\/comments?post=1830"}],"version-history":[{"count":16,"href":"https:\/\/granderp.com\/lt\/wp-json\/wp\/v2\/pages\/1830\/revisions"}],"predecessor-version":[{"id":2871,"href":"https:\/\/granderp.com\/lt\/wp-json\/wp\/v2\/pages\/1830\/revisions\/2871"}],"wp:attachment":[{"href":"https:\/\/granderp.com\/lt\/wp-json\/wp\/v2\/media?parent=1830"}],"curies":[{"name":"wp","href":"https:\/\/api.w.org\/{rel}","templated":true}]}}