{"id":1884,"date":"2023-06-08T05:18:52","date_gmt":"2023-06-08T05:18:52","guid":{"rendered":"https:\/\/granderp.com\/pramones-sakos\/"},"modified":"2024-02-06T11:45:56","modified_gmt":"2024-02-06T11:45:56","slug":"pramones-sakos","status":"publish","type":"page","link":"https:\/\/granderp.com\/lt\/pramones-sakos\/","title":{"rendered":"Pramon\u0117s \u0161akos"},"content":{"rendered":"\t\t<div data-elementor-type=\"wp-page\" data-elementor-id=\"1884\" class=\"elementor elementor-1884 elementor-466\">\n\t\t\t\t\t\t<section class=\"elementor-section elementor-top-section elementor-element elementor-element-0842f2e elementor-section-stretched elementor-section-boxed elementor-section-height-default elementor-section-height-default\" data-id=\"0842f2e\" data-element_type=\"section\" data-e-type=\"section\" data-settings=\"{&quot;jet_parallax_layout_list&quot;:[{&quot;jet_parallax_layout_image&quot;:{&quot;url&quot;:&quot;&quot;,&quot;id&quot;:&quot;&quot;,&quot;size&quot;:&quot;&quot;},&quot;_id&quot;:&quot;7cae023&quot;,&quot;jet_parallax_layout_image_tablet&quot;:{&quot;url&quot;:&quot;&quot;,&quot;id&quot;:&quot;&quot;,&quot;size&quot;:&quot;&quot;},&quot;jet_parallax_layout_image_mobile&quot;:{&quot;url&quot;:&quot;&quot;,&quot;id&quot;:&quot;&quot;,&quot;size&quot;:&quot;&quot;},&quot;jet_parallax_layout_speed&quot;:{&quot;unit&quot;:&quot;%&quot;,&quot;size&quot;:&quot;50&quot;,&quot;sizes&quot;:[]},&quot;jet_parallax_layout_bg_x&quot;:&quot;50&quot;,&quot;jet_parallax_layout_bg_y&quot;:&quot;50&quot;,&quot;jet_parallax_layout_type&quot;:&quot;scroll&quot;,&quot;jet_parallax_layout_direction&quot;:&quot;1&quot;,&quot;jet_parallax_layout_fx_direction&quot;:null,&quot;jet_parallax_layout_z_index&quot;:&quot;&quot;,&quot;jet_parallax_layout_bg_x_tablet&quot;:&quot;&quot;,&quot;jet_parallax_layout_bg_x_mobile&quot;:&quot;&quot;,&quot;jet_parallax_layout_bg_y_tablet&quot;:&quot;&quot;,&quot;jet_parallax_layout_bg_y_mobile&quot;:&quot;&quot;,&quot;jet_parallax_layout_bg_size&quot;:&quot;auto&quot;,&quot;jet_parallax_layout_bg_size_tablet&quot;:&quot;&quot;,&quot;jet_parallax_layout_bg_size_mobile&quot;:&quot;&quot;,&quot;jet_parallax_layout_animation_prop&quot;:&quot;transform&quot;,&quot;jet_parallax_layout_on&quot;:[&quot;desktop&quot;,&quot;tablet&quot;]}],&quot;background_background&quot;:&quot;classic&quot;,&quot;stretch_section&quot;:&quot;section-stretched&quot;}\">\n\t\t\t\t\t\t\t<div class=\"elementor-background-overlay\"><\/div>\n\t\t\t\t\t\t\t<div class=\"elementor-container elementor-column-gap-default\">\n\t\t\t\t\t<div class=\"elementor-column elementor-col-100 elementor-top-column elementor-element elementor-element-e90ed2d\" data-id=\"e90ed2d\" data-element_type=\"column\" data-e-type=\"column\">\n\t\t\t<div class=\"elementor-widget-wrap elementor-element-populated\">\n\t\t\t\t\t\t<div class=\"elementor-element elementor-element-029129c elementor-tablet-align-center elementor-align-left elementor-widget elementor-widget-raven-heading\" data-id=\"029129c\" data-element_type=\"widget\" data-e-type=\"widget\" data-widget_type=\"raven-heading.default\">\n\t\t\t\t<div class=\"elementor-widget-container\">\n\t\t\t\t\t\t\t<div class=\"raven-widget-wrapper\"><h2 class=\"raven-heading raven-heading-h2\"><span class=\"raven-heading-title \">PRAMON\u0116S \u0160AKOS<\/span><\/h2><\/div>\n\t\t\t\t\t\t<\/div>\n\t\t\t\t<\/div>\n\t\t\t\t\t<\/div>\n\t\t<\/div>\n\t\t\t\t\t<\/div>\n\t\t<\/section>\n\t\t\t\t<section class=\"elementor-section elementor-top-section elementor-element elementor-element-9eda183 elementor-section-stretched elementor-hidden-desktop elementor-hidden-tablet elementor-hidden-mobile elementor-section-boxed elementor-section-height-default elementor-section-height-default\" data-id=\"9eda183\" data-element_type=\"section\" data-e-type=\"section\" data-settings=\"{&quot;jet_parallax_layout_list&quot;:[],&quot;background_background&quot;:&quot;classic&quot;,&quot;stretch_section&quot;:&quot;section-stretched&quot;}\">\n\t\t\t\t\t\t<div class=\"elementor-container elementor-column-gap-default\">\n\t\t\t\t\t<div class=\"elementor-column elementor-col-100 elementor-top-column elementor-element elementor-element-62b2e4f\" data-id=\"62b2e4f\" data-element_type=\"column\" data-e-type=\"column\">\n\t\t\t<div class=\"elementor-widget-wrap elementor-element-populated\">\n\t\t\t\t\t\t<div class=\"elementor-element elementor-element-dc72264 elementor-tabs-view-horizontal elementor-widget elementor-widget-tabs\" data-id=\"dc72264\" data-element_type=\"widget\" data-e-type=\"widget\" data-widget_type=\"tabs.default\">\n\t\t\t\t<div class=\"elementor-widget-container\">\n\t\t\t\t\t\t\t<div class=\"elementor-tabs\">\n\t\t\t<div class=\"elementor-tabs-wrapper\" role=\"tablist\" >\n\t\t\t\t\t\t\t\t\t<div id=\"elementor-tab-title-2311\" class=\"elementor-tab-title elementor-tab-desktop-title\" aria-selected=\"true\" data-tab=\"1\" role=\"tab\" tabindex=\"0\" aria-controls=\"elementor-tab-content-2311\" aria-expanded=\"false\">Gamybos Produkcijos Valdymo Sistema<\/div>\n\t\t\t\t\t\t\t\t\t<div id=\"elementor-tab-title-2312\" class=\"elementor-tab-title elementor-tab-desktop-title\" aria-selected=\"false\" data-tab=\"2\" role=\"tab\" tabindex=\"-1\" aria-controls=\"elementor-tab-content-2312\" aria-expanded=\"false\">Statybos Projekt\u0173 Valdymo Sistema<\/div>\n\t\t\t\t\t\t\t\t\t<div id=\"elementor-tab-title-2313\" class=\"elementor-tab-title elementor-tab-desktop-title\" aria-selected=\"false\" data-tab=\"3\" role=\"tab\" tabindex=\"-1\" aria-controls=\"elementor-tab-content-2313\" aria-expanded=\"false\">Paslaug\u0173 Valdymo Sistema<\/div>\n\t\t\t\t\t\t\t\t\t<div id=\"elementor-tab-title-2314\" class=\"elementor-tab-title elementor-tab-desktop-title\" aria-selected=\"false\" data-tab=\"4\" role=\"tab\" tabindex=\"-1\" aria-controls=\"elementor-tab-content-2314\" aria-expanded=\"false\">Atliek\u0173 Perdirbimo Valdymo Sistema<\/div>\n\t\t\t\t\t\t\t<\/div>\n\t\t\t<div class=\"elementor-tabs-content-wrapper\" role=\"tablist\" aria-orientation=\"vertical\">\n\t\t\t\t\t\t\t\t\t<div class=\"elementor-tab-title elementor-tab-mobile-title\" aria-selected=\"true\" data-tab=\"1\" role=\"tab\" tabindex=\"0\" aria-controls=\"elementor-tab-content-2311\" aria-expanded=\"false\">Gamybos Produkcijos Valdymo Sistema<\/div>\n\t\t\t\t\t<div id=\"elementor-tab-content-2311\" class=\"elementor-tab-content elementor-clearfix\" data-tab=\"1\" role=\"tabpanel\" aria-labelledby=\"elementor-tab-title-2311\" tabindex=\"0\" hidden=\"false\"><table>\n<tbody>\n<tr valign=\"top\">\n<td width=\"60%\">\n<h4>Gamybos Produkcijos Valdymo Sistema<\/h4>\n<p>M\u016bs\u0173 specializuotas ERP sprendimas yra skirtas tiek vienetin\u0117s tiek partij\u0173 proces\u0173 gamybai.<\/p>\n<p>Valdykite visus savo gamybos verslo procesus be joki\u0173 trukd\u017ei\u0173 ir didinkite produktyvum\u0105 su m\u016bs\u0173 visapusi\u0161ka, mobiliems bei kitiems \u012frenginiams pritaikyta gamybos valdymo sistema, sukurta pagal j\u016bs\u0173 specifinius poreikius.<\/td>\n<td align=\"center\"><img width=\"300px\" height=\"300px\"><\/td>\n<\/tr>\n<\/tbody>\n<\/table>\n<p><a class=\"btnitb\" href=\"https:\/\/granderp.com\/lt\/sprendimai\/gamybos-valdymo-modulis\/\">Daugiau informacijos<\/a><\/p>\n<\/div>\n\t\t\t\t\t\t\t\t\t<div class=\"elementor-tab-title elementor-tab-mobile-title\" aria-selected=\"false\" data-tab=\"2\" role=\"tab\" tabindex=\"-1\" aria-controls=\"elementor-tab-content-2312\" aria-expanded=\"false\">Statybos Projekt\u0173 Valdymo Sistema<\/div>\n\t\t\t\t\t<div id=\"elementor-tab-content-2312\" class=\"elementor-tab-content elementor-clearfix\" data-tab=\"2\" role=\"tabpanel\" aria-labelledby=\"elementor-tab-title-2312\" tabindex=\"0\" hidden=\"hidden\"><table>\n<tbody>\n<tr valign=\"top\">\n<td width=\"60%\">\n<h4>Statybos Projekt\u0173 Valdymo Sistema<\/h4>\n<p>Sustiprinkite savo gyvenam\u0173j\u0173 ir komercini\u0173 statyb\u0173 projekt\u0173 valdymo procesus naudodamiesi m\u016bs\u0173 specializuot\u0105 ERP valdymo sistema.<\/p>\n<p>Sekite projekto eig\u0105 ir i\u0161laidas, skatinkite verslo pl\u0117tr\u0105 ir gerinkite bendradarbiavim\u0105 tarp vadov\u0173, prie\u017ei\u016bros darbuotoj\u0173, subrangov\u0173 ir klient\u0173, visk\u0105 atlikdami per m\u016bs\u0173 naudotojui draugi\u0161k\u0105 debes\u0173 pagrindu veikian\u010di\u0105 statybos valdymo programin\u0119 \u012frang\u0105.<\/td>\n<td align=\"center\"><img width=\"300px\" height=\"300px\"><\/td>\n<\/tr>\n<\/tbody>\n<\/table>\n<p><a class=\"btnitb\" href=\"https:\/\/granderp.com\/lt\/pramones-sakos\/statybos-projektu-valdymo-sistema\/\">Daugiau informacijos<\/a><\/p>\n<\/div>\n\t\t\t\t\t\t\t\t\t<div class=\"elementor-tab-title elementor-tab-mobile-title\" aria-selected=\"false\" data-tab=\"3\" role=\"tab\" tabindex=\"-1\" aria-controls=\"elementor-tab-content-2313\" aria-expanded=\"false\">Paslaug\u0173 Valdymo Sistema<\/div>\n\t\t\t\t\t<div id=\"elementor-tab-content-2313\" class=\"elementor-tab-content elementor-clearfix\" data-tab=\"3\" role=\"tabpanel\" aria-labelledby=\"elementor-tab-title-2313\" tabindex=\"0\" hidden=\"hidden\"><table>\n<tbody>\n<tr valign=\"top\">\n<td width=\"60%\">\n<h4>Paslaug\u0173 Valdymo Sistema<\/h4>\n<p>Sustiprinkite savo verslo pl\u0117tr\u0105 su m\u016bs\u0173 specializuota ERP sistema, pritaikyt\u0173 specialiai smulkaus ir vidutinio dyd\u017eio paslaug\u0173 \u012fmon\u0117ms.<\/p>\n<p>B\u016bkite \u017eingsniu priekyje konkurencingoje pramon\u0117s srityje, ma\u017einkite administracines u\u017eduotis ir u\u017etikrinkite i\u0161skirtin\u0119 paslaug\u0173 teikim\u0105 su m\u016bs\u0173 specializuota finans\u0173 ir projekt\u0173 apskaitos valdymo sistema, sukurta profesionalioms paslaug\u0173 \u012fmon\u0117ms.<\/td>\n<td align=\"center\"><img width=\"300px\" height=\"300px\"><\/td>\n<\/tr>\n<\/tbody>\n<\/table>\n<p><a class=\"btnitb\" href=\"https:\/\/granderp.com\/lt\/pramones-sakos\/paslaugos\/\">Daugiau informacijos<\/a><\/p>\n<\/div>\n\t\t\t\t\t\t\t\t\t<div class=\"elementor-tab-title elementor-tab-mobile-title\" aria-selected=\"false\" data-tab=\"4\" role=\"tab\" tabindex=\"-1\" aria-controls=\"elementor-tab-content-2314\" aria-expanded=\"false\">Atliek\u0173 Perdirbimo Valdymo Sistema<\/div>\n\t\t\t\t\t<div id=\"elementor-tab-content-2314\" class=\"elementor-tab-content elementor-clearfix\" data-tab=\"4\" role=\"tabpanel\" aria-labelledby=\"elementor-tab-title-2314\" tabindex=\"0\" hidden=\"hidden\"><table>\n<tbody>\n<tr valign=\"top\">\n<td width=\"60%\">\n<h4>Atliek\u0173 Perdirbimo Valdymo Sistema<\/h4>\n<p>Pagerinkite savo verslo efektyvum\u0105 su m\u016bs\u0173 visapusi\u0161kais ERP sprendimais sukurtais ma\u017eo ir vidutinio dyd\u017eio perdirbimo \u012fmon\u0117ms.<\/p>\n<p>Automatizuokite kasdieninias u\u017eduotis, optimizuokite duomen\u0173 valdym\u0105 ir ma\u017einkite operacij\u0173 i\u0161laidas su m\u016bs\u0173 pa\u017eangia atliek\u0173 perdirbimo valdymo sistema. I\u0161siskirkite i\u0161 konkurent\u0173, u\u017etikrindami maksimal\u0173 veiklos efektyvum\u0105 ir auk\u0161\u010diausios kokyb\u0117s paslaug\u0173 teikim\u0105.<\/td>\n<td align=\"center\"><img width=\"300px\" height=\"300px\"><\/td>\n<\/tr>\n<\/tbody>\n<\/table>\n<p><a class=\"btnitb\" href=\"https:\/\/granderp.com\/lt\/pramones-sakos\/perdirbimas\/\">Daugiau informacijos<\/a><\/p>\n<\/div>\n\t\t\t\t\t\t\t<\/div>\n\t\t<\/div>\n\t\t\t\t\t\t<\/div>\n\t\t\t\t<\/div>\n\t\t\t\t\t<\/div>\n\t\t<\/div>\n\t\t\t\t\t<\/div>\n\t\t<\/section>\n\t\t\t\t<section class=\"elementor-section elementor-top-section elementor-element elementor-element-e8c858b elementor-section-boxed elementor-section-height-default elementor-section-height-default\" data-id=\"e8c858b\" data-element_type=\"section\" data-e-type=\"section\" data-settings=\"{&quot;jet_parallax_layout_list&quot;:[]}\">\n\t\t\t\t\t\t<div class=\"elementor-container elementor-column-gap-default\">\n\t\t\t\t\t<div class=\"elementor-column elementor-col-100 elementor-top-column elementor-element elementor-element-c8b8d17\" data-id=\"c8b8d17\" data-element_type=\"column\" data-e-type=\"column\">\n\t\t\t<div class=\"elementor-widget-wrap elementor-element-populated\">\n\t\t\t\t\t\t<div class=\"elementor-element elementor-element-7a87e25 elementor-widget elementor-widget-shortcode\" data-id=\"7a87e25\" data-element_type=\"widget\" data-e-type=\"widget\" data-widget_type=\"shortcode.default\">\n\t\t\t\t<div class=\"elementor-widget-container\">\n\t\t\t\t\t\t\t<div class=\"elementor-shortcode\">\n\n<section class=\"children-pages\">\n\t                    <div class=\"children-pages__grid\">\n\t                                <div class=\"children-pages__image children-pages__block\">\n\t                    <div id=\"gamyba2\"><\/div>                    <\/div>\n\t                                            <div class=\"children-pages__content children-pages__block\">\n                    <h2 class=\"children-pages__content-title\">Statybos Projekt\u0173 Valdymo Sistema<\/h2>\n                                            <div class=\"children-pages__content-text\"><p>M\u016bs\u0173 specializuotas ERP sprendimas yra skirtas tiek vienetin\u0117s tiek partij\u0173 proces\u0173 gamybai..<\/p>\n<p>Valdykite visus savo gamybos verslo procesus be joki\u0173 trukd\u017ei\u0173 ir didinkite produktyvum\u0105 su m\u016bs\u0173 visapusi\u0161ka, mobiliems bei kitiems \u012frenginiams pritaikyta gamybos valdymo sistema, sukurta pagal J\u016bs\u0173 specifinius poreikius.<\/p>\n<\/div>\n                                        <a class=\"children-pages__content-btn\" href=\"https:\/\/granderp.com\/lt\/pramones-sakos\/statybos-projektu-valdymo-sistema\/\">Daugiau<\/a>\n                <\/div>\n            <\/div>\n                    <div class=\"children-pages__grid\">\n\t                                <div class=\"children-pages__image children-pages__block\">\n\t                    <div id=\"darb-aplinka\"><\/div>                    <\/div>\n\t                                            <div class=\"children-pages__content children-pages__block\">\n                    <h2 class=\"children-pages__content-title\">Gamyba<\/h2>\n                                            <div class=\"children-pages__content-text\"><p>M\u016bs\u0173 specializuotas ERP sprendimas yra skirtas tiek vienetin\u0117s, tiek partij\u0173 proces\u0173 gamybai.<\/p>\n<p>Valdykite visus savo gamybos verslo procesus be joki\u0173 trukd\u017ei\u0173 ir didinkite produktyvum\u0105 su m\u016bs\u0173 visapusi\u0161ka, mobiliems bei kitiems \u012frenginiams pritaikyta gamybos valdymo sistema, sukurta pagal J\u016bs\u0173 specifinius poreikius.<\/p>\n<\/div>\n                                        <a class=\"children-pages__content-btn\" href=\"https:\/\/granderp.com\/lt\/pramones-sakos\/gamyba\/\">Daugiau<\/a>\n                <\/div>\n            <\/div>\n                    <div class=\"children-pages__grid\">\n\t                                <div class=\"children-pages__image children-pages__block\">\n\t                    <div id=\"field-service\"><\/div>                    <\/div>\n\t                                            <div class=\"children-pages__content children-pages__block\">\n                    <h2 class=\"children-pages__content-title\">Paslaugos<\/h2>\n                                            <div class=\"children-pages__content-text\"><p>Sustiprinkite savo verslo pl\u0117tr\u0105 su m\u016bs\u0173 specializuota ERP sistema, pritaikytu specialiai smulkaus ir vidutinio dyd\u017eio paslaug\u0173 \u012fmon\u0117ms.<\/p>\n<p>B\u016bkite \u017eingsniu priekyje konkurencingoje pramon\u0117s srityje, ma\u017einkite administracines u\u017eduotis ir u\u017etikrinkite i\u0161skirtin\u0119 paslaug\u0173 teikim\u0105 su m\u016bs\u0173 specializuota finans\u0173 ir projekt\u0173 apskaitos valdymo sistema, sukurta profesionalioms paslaug\u0173 \u012fmon\u0117ms.<\/p>\n<\/div>\n                                        <a class=\"children-pages__content-btn\" href=\"https:\/\/granderp.com\/lt\/pramones-sakos\/paslaugos\/\">Daugiau<\/a>\n                <\/div>\n            <\/div>\n                    <div class=\"children-pages__grid\">\n\t                                <div class=\"children-pages__image children-pages__block\">\n\t                    <div id=\"pirk-pard\"><\/div>                    <\/div>\n\t                                            <div class=\"children-pages__content children-pages__block\">\n                    <h2 class=\"children-pages__content-title\">Perdirbimas<\/h2>\n                                            <div class=\"children-pages__content-text\"><p>Pagerinkite savo verslo efektyvum\u0105 su m\u016bs\u0173 visapusi\u0161kais ERP sprendimais sukurtais ma\u017eo ir vidutinio dyd\u017eio perdirbimo \u012fmon\u0117ms.<\/p>\n<p>Automatizuokite kasdienines u\u017eduotis, optimizuokite duomen\u0173 valdym\u0105 ir ma\u017einkite operacij\u0173 i\u0161laidas su m\u016bs\u0173 pa\u017eangia atliek\u0173 perdirbimo valdymo sistema. I\u0161siskirkite i\u0161 konkurent\u0173, u\u017etikrindami maksimal\u0173 veiklos efektyvum\u0105 ir auk\u0161\u010diausios kokyb\u0117s paslaug\u0173 teikim\u0105.<\/p>\n<\/div>\n                                        <a class=\"children-pages__content-btn\" href=\"https:\/\/granderp.com\/lt\/pramones-sakos\/perdirbimas\/\">Daugiau<\/a>\n                <\/div>\n            <\/div>\n        \t<\/section><\/div>\n\t\t\t\t\t\t<\/div>\n\t\t\t\t<\/div>\n\t\t\t\t\t<\/div>\n\t\t<\/div>\n\t\t\t\t\t<\/div>\n\t\t<\/section>\n\t\t\t\t<\/div>\n\t\t","protected":false},"excerpt":{"rendered":"<p>PRAMON\u0116S \u0160AKOS Gamybos Produkcijos Valdymo Sistema Statybos Projekt\u0173 Valdymo Sistema Paslaug\u0173 Valdymo Sistema Atliek\u0173 Perdirbimo Valdymo Sistema Gamybos Produkcijos Valdymo Sistema Gamybos Produkcijos Valdymo Sistema M\u016bs\u0173 specializuotas ERP sprendimas yra skirtas tiek vienetin\u0117s tiek partij\u0173 proces\u0173 gamybai. Valdykite visus savo gamybos verslo procesus be joki\u0173 trukd\u017ei\u0173 ir didinkite produktyvum\u0105 su m\u016bs\u0173 visapusi\u0161ka, mobiliems bei kitiems [&hellip;]<\/p>\n","protected":false},"author":1,"featured_media":0,"parent":0,"menu_order":0,"comment_status":"closed","ping_status":"closed","template":"","meta":{"_acf_changed":false,"footnotes":""},"class_list":["post-1884","page","type-page","status-publish","hentry"],"acf":[],"yoast_head":"<!-- This site is optimized with the Yoast SEO plugin v27.4 - https:\/\/yoast.com\/product\/yoast-seo-wordpress\/ -->\n<title>Pramon\u0117s \u0161akos - Granderp<\/title>\n<meta name=\"robots\" content=\"index, follow, max-snippet:-1, max-image-preview:large, max-video-preview:-1\" \/>\n<link rel=\"canonical\" href=\"https:\/\/granderp.com\/lt\/pramones-sakos\/\" \/>\n<meta property=\"og:locale\" content=\"lt_LT\" \/>\n<meta property=\"og:type\" content=\"article\" \/>\n<meta property=\"og:title\" content=\"Pramon\u0117s \u0161akos - Granderp\" \/>\n<meta property=\"og:description\" content=\"PRAMON\u0116S \u0160AKOS Gamybos Produkcijos Valdymo Sistema Statybos Projekt\u0173 Valdymo Sistema Paslaug\u0173 Valdymo Sistema Atliek\u0173 Perdirbimo Valdymo Sistema Gamybos Produkcijos Valdymo Sistema Gamybos Produkcijos Valdymo Sistema M\u016bs\u0173 specializuotas ERP sprendimas yra skirtas tiek vienetin\u0117s tiek partij\u0173 proces\u0173 gamybai. Valdykite visus savo gamybos verslo procesus be joki\u0173 trukd\u017ei\u0173 ir didinkite produktyvum\u0105 su m\u016bs\u0173 visapusi\u0161ka, mobiliems bei kitiems [&hellip;]\" \/>\n<meta property=\"og:url\" content=\"https:\/\/granderp.com\/lt\/pramones-sakos\/\" \/>\n<meta property=\"og:site_name\" content=\"Granderp\" \/>\n<meta property=\"article:modified_time\" content=\"2024-02-06T11:45:56+00:00\" \/>\n<meta name=\"twitter:card\" content=\"summary_large_image\" \/>\n<meta name=\"twitter:label1\" content=\"Est. reading time\" \/>\n\t<meta name=\"twitter:data1\" content=\"1 minut\u0117\" \/>\n<script type=\"application\/ld+json\" class=\"yoast-schema-graph\">{\"@context\":\"https:\\\/\\\/schema.org\",\"@graph\":[{\"@type\":\"WebPage\",\"@id\":\"https:\\\/\\\/granderp.com\\\/lt\\\/pramones-sakos\\\/\",\"url\":\"https:\\\/\\\/granderp.com\\\/lt\\\/pramones-sakos\\\/\",\"name\":\"Pramon\u0117s \u0161akos - Granderp\",\"isPartOf\":{\"@id\":\"https:\\\/\\\/granderp.com\\\/#website\"},\"datePublished\":\"2023-06-08T05:18:52+00:00\",\"dateModified\":\"2024-02-06T11:45:56+00:00\",\"breadcrumb\":{\"@id\":\"https:\\\/\\\/granderp.com\\\/lt\\\/pramones-sakos\\\/#breadcrumb\"},\"inLanguage\":\"lt-LT\",\"potentialAction\":[{\"@type\":\"ReadAction\",\"target\":[\"https:\\\/\\\/granderp.com\\\/lt\\\/pramones-sakos\\\/\"]}]},{\"@type\":\"BreadcrumbList\",\"@id\":\"https:\\\/\\\/granderp.com\\\/lt\\\/pramones-sakos\\\/#breadcrumb\",\"itemListElement\":[{\"@type\":\"ListItem\",\"position\":1,\"name\":\"Home\",\"item\":\"https:\\\/\\\/granderp.com\\\/lt\\\/\"},{\"@type\":\"ListItem\",\"position\":2,\"name\":\"Pramon\u0117s \u0161akos\"}]},{\"@type\":\"WebSite\",\"@id\":\"https:\\\/\\\/granderp.com\\\/#website\",\"url\":\"https:\\\/\\\/granderp.com\\\/\",\"name\":\"Granderp.com\",\"description\":\"CRM Software. Designed for dynamic sales teams, streamlines your sales process with a user-friendly interface, mobile access, automated lead nurturing.\",\"publisher\":{\"@id\":\"https:\\\/\\\/granderp.com\\\/#organization\"},\"potentialAction\":[{\"@type\":\"SearchAction\",\"target\":{\"@type\":\"EntryPoint\",\"urlTemplate\":\"https:\\\/\\\/granderp.com\\\/?s={search_term_string}\"},\"query-input\":{\"@type\":\"PropertyValueSpecification\",\"valueRequired\":true,\"valueName\":\"search_term_string\"}}],\"inLanguage\":\"lt-LT\"},{\"@type\":\"Organization\",\"@id\":\"https:\\\/\\\/granderp.com\\\/#organization\",\"name\":\"Granderp\",\"url\":\"https:\\\/\\\/granderp.com\\\/\",\"logo\":{\"@type\":\"ImageObject\",\"inLanguage\":\"lt-LT\",\"@id\":\"https:\\\/\\\/granderp.com\\\/#\\\/schema\\\/logo\\\/image\\\/\",\"url\":\"https:\\\/\\\/granderp.com\\\/wp-content\\\/uploads\\\/2023\\\/06\\\/granderp-logo.svg\",\"contentUrl\":\"https:\\\/\\\/granderp.com\\\/wp-content\\\/uploads\\\/2023\\\/06\\\/granderp-logo.svg\",\"width\":587.2,\"height\":57.1,\"caption\":\"Granderp\"},\"image\":{\"@id\":\"https:\\\/\\\/granderp.com\\\/#\\\/schema\\\/logo\\\/image\\\/\"}}]}<\/script>\n<!-- \/ Yoast SEO plugin. -->","yoast_head_json":{"title":"Pramon\u0117s \u0161akos - Granderp","robots":{"index":"index","follow":"follow","max-snippet":"max-snippet:-1","max-image-preview":"max-image-preview:large","max-video-preview":"max-video-preview:-1"},"canonical":"https:\/\/granderp.com\/lt\/pramones-sakos\/","og_locale":"lt_LT","og_type":"article","og_title":"Pramon\u0117s \u0161akos - Granderp","og_description":"PRAMON\u0116S \u0160AKOS Gamybos Produkcijos Valdymo Sistema Statybos Projekt\u0173 Valdymo Sistema Paslaug\u0173 Valdymo Sistema Atliek\u0173 Perdirbimo Valdymo Sistema Gamybos Produkcijos Valdymo Sistema Gamybos Produkcijos Valdymo Sistema M\u016bs\u0173 specializuotas ERP sprendimas yra skirtas tiek vienetin\u0117s tiek partij\u0173 proces\u0173 gamybai. Valdykite visus savo gamybos verslo procesus be joki\u0173 trukd\u017ei\u0173 ir didinkite produktyvum\u0105 su m\u016bs\u0173 visapusi\u0161ka, mobiliems bei kitiems [&hellip;]","og_url":"https:\/\/granderp.com\/lt\/pramones-sakos\/","og_site_name":"Granderp","article_modified_time":"2024-02-06T11:45:56+00:00","twitter_card":"summary_large_image","twitter_misc":{"Est. reading time":"1 minut\u0117"},"schema":{"@context":"https:\/\/schema.org","@graph":[{"@type":"WebPage","@id":"https:\/\/granderp.com\/lt\/pramones-sakos\/","url":"https:\/\/granderp.com\/lt\/pramones-sakos\/","name":"Pramon\u0117s \u0161akos - Granderp","isPartOf":{"@id":"https:\/\/granderp.com\/#website"},"datePublished":"2023-06-08T05:18:52+00:00","dateModified":"2024-02-06T11:45:56+00:00","breadcrumb":{"@id":"https:\/\/granderp.com\/lt\/pramones-sakos\/#breadcrumb"},"inLanguage":"lt-LT","potentialAction":[{"@type":"ReadAction","target":["https:\/\/granderp.com\/lt\/pramones-sakos\/"]}]},{"@type":"BreadcrumbList","@id":"https:\/\/granderp.com\/lt\/pramones-sakos\/#breadcrumb","itemListElement":[{"@type":"ListItem","position":1,"name":"Home","item":"https:\/\/granderp.com\/lt\/"},{"@type":"ListItem","position":2,"name":"Pramon\u0117s \u0161akos"}]},{"@type":"WebSite","@id":"https:\/\/granderp.com\/#website","url":"https:\/\/granderp.com\/","name":"Granderp.com","description":"CRM Software. Designed for dynamic sales teams, streamlines your sales process with a user-friendly interface, mobile access, automated lead nurturing.","publisher":{"@id":"https:\/\/granderp.com\/#organization"},"potentialAction":[{"@type":"SearchAction","target":{"@type":"EntryPoint","urlTemplate":"https:\/\/granderp.com\/?s={search_term_string}"},"query-input":{"@type":"PropertyValueSpecification","valueRequired":true,"valueName":"search_term_string"}}],"inLanguage":"lt-LT"},{"@type":"Organization","@id":"https:\/\/granderp.com\/#organization","name":"Granderp","url":"https:\/\/granderp.com\/","logo":{"@type":"ImageObject","inLanguage":"lt-LT","@id":"https:\/\/granderp.com\/#\/schema\/logo\/image\/","url":"https:\/\/granderp.com\/wp-content\/uploads\/2023\/06\/granderp-logo.svg","contentUrl":"https:\/\/granderp.com\/wp-content\/uploads\/2023\/06\/granderp-logo.svg","width":587.2,"height":57.1,"caption":"Granderp"},"image":{"@id":"https:\/\/granderp.com\/#\/schema\/logo\/image\/"}}]}},"_links":{"self":[{"href":"https:\/\/granderp.com\/lt\/wp-json\/wp\/v2\/pages\/1884","targetHints":{"allow":["GET"]}}],"collection":[{"href":"https:\/\/granderp.com\/lt\/wp-json\/wp\/v2\/pages"}],"about":[{"href":"https:\/\/granderp.com\/lt\/wp-json\/wp\/v2\/types\/page"}],"author":[{"embeddable":true,"href":"https:\/\/granderp.com\/lt\/wp-json\/wp\/v2\/users\/1"}],"replies":[{"embeddable":true,"href":"https:\/\/granderp.com\/lt\/wp-json\/wp\/v2\/comments?post=1884"}],"version-history":[{"count":21,"href":"https:\/\/granderp.com\/lt\/wp-json\/wp\/v2\/pages\/1884\/revisions"}],"predecessor-version":[{"id":2852,"href":"https:\/\/granderp.com\/lt\/wp-json\/wp\/v2\/pages\/1884\/revisions\/2852"}],"wp:attachment":[{"href":"https:\/\/granderp.com\/lt\/wp-json\/wp\/v2\/media?parent=1884"}],"curies":[{"name":"wp","href":"https:\/\/api.w.org\/{rel}","templated":true}]}}