{"id":3081,"date":"2024-02-14T11:07:14","date_gmt":"2024-02-14T11:07:14","guid":{"rendered":"https:\/\/granderp.com\/?page_id=3081"},"modified":"2025-09-01T04:31:32","modified_gmt":"2025-09-01T04:31:32","slug":"es-projektai","status":"publish","type":"page","link":"https:\/\/granderp.com\/lt\/es-projektai\/","title":{"rendered":"ES projektai"},"content":{"rendered":"\t\t<div data-elementor-type=\"wp-page\" data-elementor-id=\"3081\" class=\"elementor elementor-3081 elementor-3057\">\n\t\t\t\t\t\t<section class=\"elementor-section elementor-top-section elementor-element elementor-element-54f7e5a elementor-section-boxed elementor-section-height-default elementor-section-height-default\" data-id=\"54f7e5a\" data-element_type=\"section\" data-e-type=\"section\" data-settings=\"{&quot;jet_parallax_layout_list&quot;:[]}\">\n\t\t\t\t\t\t<div class=\"elementor-container elementor-column-gap-default\">\n\t\t\t\t\t<div class=\"elementor-column elementor-col-100 elementor-top-column elementor-element elementor-element-e6bb41f\" data-id=\"e6bb41f\" data-element_type=\"column\" data-e-type=\"column\">\n\t\t\t<div class=\"elementor-widget-wrap elementor-element-populated\">\n\t\t\t\t\t\t<div class=\"elementor-element elementor-element-516a01c elementor-mobile-align-center elementor-align-left elementor-widget elementor-widget-raven-heading\" data-id=\"516a01c\" data-element_type=\"widget\" data-e-type=\"widget\" data-widget_type=\"raven-heading.default\">\n\t\t\t\t<div class=\"elementor-widget-container\">\n\t\t\t\t\t\t\t<div class=\"raven-widget-wrapper\"><h2 class=\"raven-heading raven-heading-h2\"><span class=\"raven-heading-title \">ES projektai<\/span><\/h2><\/div>\n\t\t\t\t\t\t<\/div>\n\t\t\t\t<\/div>\n\t\t\t\t<div class=\"elementor-element elementor-element-23c8772 elementor-widget elementor-widget-text-editor\" data-id=\"23c8772\" data-element_type=\"widget\" data-e-type=\"widget\" data-widget_type=\"text-editor.default\">\n\t\t\t\t<div class=\"elementor-widget-container\">\n\t\t\t\t\t\t\t\t\t<p>\u00a0<\/p><p><img decoding=\"async\" class=\"alignnone size-medium wp-image-3166\" src=\"https:\/\/granderp.com\/wp-content\/uploads\/2025\/09\/f8b3c31ccaba93a5ef1898d3f5af8149-300x43.png\" alt=\"\" width=\"300\" height=\"43\" srcset=\"https:\/\/granderp.com\/wp-content\/uploads\/2025\/09\/f8b3c31ccaba93a5ef1898d3f5af8149-300x43.png 300w, https:\/\/granderp.com\/wp-content\/uploads\/2025\/09\/f8b3c31ccaba93a5ef1898d3f5af8149-1024x146.png 1024w, https:\/\/granderp.com\/wp-content\/uploads\/2025\/09\/f8b3c31ccaba93a5ef1898d3f5af8149-768x110.png 768w, https:\/\/granderp.com\/wp-content\/uploads\/2025\/09\/f8b3c31ccaba93a5ef1898d3f5af8149.png 1379w\" sizes=\"(max-width: 300px) 100vw, 300px\" \/><\/p><p><strong>\u012egyvendiname projekt\u0105 <\/strong><strong>\u201eUAB GRAND ERP KIBERNETINIO SAUGUMO SPRENDIM\u0172 DIEGIMAS, DIDINANTIS \u012eMON\u0116S KIBERNETIN\u012e ATSPARUM\u0104\u201c <\/strong><\/p><p>UAB \u201eGrand ERP\u201c projektui CYBER-K02-037 <strong>\u201e<\/strong>UAB GRAND ERP KIBERNETINIO SAUGUMO SPRENDIM\u0172 DIEGIMAS, DIDINANTIS \u012eMON\u0116S KIBERNETIN\u012e ATSPARUM\u0104\u201c skirta 38 673,47 Eur, i\u0161 kuri\u0173 19 336,74 eur\u0173 2021\u20132027 m. Europos S\u0105jungos Skaitmenin\u0117s Europos programos l\u0117\u0161\u0173 ir 19 336,73 eur\u0173 Lietuvos Respublikos bendrojo finansavimo l\u0117\u0161\u0173. Bendra projekto vert\u0117 \u00a052 673,47 Eur.<\/p><p>Projekto tikslas \u2013 sustiprinti UAB \u201eGrand ERP\u201c kibernetin\u012f saugum\u0105, u\u017etikrinant verslo valdymo sistemos, duomen\u0173 bazi\u0173, naudotoj\u0173 paskyr\u0173 ir tinklo infrastrukt\u016bros apsaug\u0105 nuo aktuali\u0173 vidini\u0173 ir i\u0161orini\u0173 kibernetini\u0173 gr\u0117smi\u0173. \u012egyvendinant projekt\u0105 bus diegiamos tiek organizacin\u0117s, tiek technin\u0117s saugumo priemon\u0117s, skirtos:<\/p><ul><li>prieigos valdymui ir autentifikavimui (pvz., 2FA, slapta\u017eod\u017ei\u0173 politika, paskyr\u0173 administravimas);<\/li><li>tinklo, serveri\u0173, darbo viet\u0173 ir mobili\u0173j\u0173 \u012frengini\u0173 saugumo u\u017etikrinimui;<\/li><li>programin\u0117s \u012frangos pa\u017eeid\u017eiamum\u0173 valdymui (atnaujinimai, inventorizacija);<\/li><li>duomen\u0173 apsaugai, atsargini\u0173 kopij\u0173 valdymui ir veiklos t\u0119stinumo garantavimui;<\/li><li>kibernetini\u0173 incident\u0173 atpa\u017einimui, reagavimui ir darbuotoj\u0173 s\u0105moningumo didinimui.<\/li><\/ul><p>Projekt\u0105 bendrai finansuoja Europos S\u0105junga.<\/p><p>Projektas prad\u0117tas 2025 m. rugpj\u016b\u010dio 4 d. ir bus \u012fgyvendintas iki 2025 m. gruod\u017eio 31 d.<\/p>\t\t\t\t\t\t\t\t<\/div>\n\t\t\t\t<\/div>\n\t\t\t\t<div class=\"elementor-element elementor-element-12c63bf elementor-widget elementor-widget-text-editor\" data-id=\"12c63bf\" data-element_type=\"widget\" data-e-type=\"widget\" data-widget_type=\"text-editor.default\">\n\t\t\t\t<div class=\"elementor-widget-container\">\n\t\t\t\t\t\t\t\t\t<p><img decoding=\"async\" class=\"alignnone size-medium wp-image-3108\" src=\"https:\/\/granderp.com\/wp-content\/uploads\/2024\/06\/espicture-300x63.jpg\" alt=\"\" width=\"300\" height=\"63\" srcset=\"https:\/\/granderp.com\/wp-content\/uploads\/2024\/06\/espicture-300x63.jpg 300w, https:\/\/granderp.com\/wp-content\/uploads\/2024\/06\/espicture.jpg 643w\" sizes=\"(max-width: 300px) 100vw, 300px\" \/><\/p><p>Veiklos tarptauti\u0161kumo ir nauj\u0173 eksporto rink\u0173 identifikavimo veikl\u0173 skatinimas<br \/>UAB \u201eGrand ERP\u201c \u012fgyvendina projekt\u0105 pagal pa\u017eangos priemon\u0119 \u201e\u012egyvendinti eksporto konkurencingumo<br \/>augim\u0105 skatinan\u010dias priemones\u201c veikl\u0105 \u201eMV\u012e veiklos tarptauti\u0161kumo ir nauj\u0173 eksporto rink\u0173 identifikavimo<br \/>veikl\u0173 skatinimas (Vidurio ir vakar\u0173 Lietuvos regionas)\u201c, kurio tikslas &#8211; skatinti UAB \u201eGrand ERP\u201c veiklos<br \/>tarptauti\u0161kum\u0105 ir nauj\u0173 eksporto rink\u0173 identifikavimo veiklas. Projekto metu \u012fmon\u0117s produkcija<br \/>pristatoma tarptautin\u0117se parodose.<\/p><p>Projektas prisid\u0117s prie \u012fmon\u0117s tarptautinio \u017einomumo, eksporto ir jos konkurencingumo didinimo.<br \/>Projekt\u0105 dalinai finansuoja Europos S\u0105junga.<\/p><p>Projekto pavadinimas: \u201eUAB \u201eGrand ERP\u201c veiklos tarptauti\u0161kumo ir nauj\u0173 eksporto rink\u0173 identifikavimo<br \/>veikl\u0173 skatinimas\u201c;<\/p><p>Projekto vykdytojas: UAB \u201eGrand ERP\u201c;<\/p><p>Projekto \u012fgyvendinimo laikotarpis: 2024\/07 &#8211; 2026\/10;<\/p><p>Bendras projekto biud\u017eetas: 126\u00a0213 EUR, i\u0161 kuri\u0173 Europos S\u0105jungos finansuojama dalis sudaro 63 107<br \/>EUR.<\/p>\t\t\t\t\t\t\t\t<\/div>\n\t\t\t\t<\/div>\n\t\t\t\t<div class=\"elementor-element elementor-element-051613b elementor-widget elementor-widget-text-editor\" data-id=\"051613b\" data-element_type=\"widget\" data-e-type=\"widget\" data-widget_type=\"text-editor.default\">\n\t\t\t\t<div class=\"elementor-widget-container\">\n\t\t\t\t\t\t\t\t\t<p><img decoding=\"async\" class=\"alignnone size-medium wp-image-3108\" src=\"https:\/\/granderp.com\/wp-content\/uploads\/2024\/06\/espicture-300x63.jpg\" alt=\"\" width=\"300\" height=\"63\" srcset=\"https:\/\/granderp.com\/wp-content\/uploads\/2024\/06\/espicture-300x63.jpg 300w, https:\/\/granderp.com\/wp-content\/uploads\/2024\/06\/espicture.jpg 643w\" sizes=\"(max-width: 300px) 100vw, 300px\" \/><\/p>\n<p><b>E. pardavimo sandori\u0173 sudarymo sprendim\u0173 diegimas<\/b><\/p>\n<p>UAB \u201eGrand ERP\u201c \u012fgyvendina projekt\u0105 pagal pa\u017eangos priemon\u0119 \u201eSkatinti \u012fmones skaitmenizuotis\u201c, kurio tikslas &#8211; sukurti ir \u012fdiegti e. pardavimo sandori\u0173 sudarymo sprendim\u0105, skirt\u0105 klientams pateikti u\u017esakymus, matyti informacij\u0105 apie u\u017esakym\u0173 vykdymo eig\u0105 ir atsiskaityti u\u017e \u012fvykdytus u\u017esakymus.<\/p>\n<p>Projektas prisid\u0117s prie \u012fmon\u0117s veiklos skaitmenizavimo ir jos konkurencingumo didinimo.<\/p>\n<p>Projektas finansuojamas i\u0161 Europos regionin\u0117s pl\u0117tros fondo.<\/p>\n<p>Projekto pavadinimas: <b>\u201eE. pardavimo sandori\u0173 sudarymo sprendim\u0173 diegimas UAB \u201eGrand ERP\u201c;<\/b><\/p>\n<p>Projekto vykdytojas: UAB \u201eGrand ERP\u201c;<\/p>\n<p>Projekto vykdymo prad\u017eia: 2024-06-06;<\/p>\n<p>Projekto vykdymo pabaiga: 2025-06-06;<\/p>\n<p>Bendras projekto biud\u017eetas: 48 685,00 EUR, i\u0161 kuri\u0173 Europos S\u0105jungos finansuojama dalis sudaro 24 342,50 EUR.<\/p>\t\t\t\t\t\t\t\t<\/div>\n\t\t\t\t<\/div>\n\t\t\t\t<div class=\"elementor-element elementor-element-3b31f48 elementor-widget elementor-widget-text-editor\" data-id=\"3b31f48\" data-element_type=\"widget\" data-e-type=\"widget\" data-widget_type=\"text-editor.default\">\n\t\t\t\t<div class=\"elementor-widget-container\">\n\t\t\t\t\t\t\t\t\t<p><img decoding=\"async\" class=\"alignnone size-medium wp-image-3091\" src=\"https:\/\/granderp.com\/wp-content\/uploads\/2024\/02\/Uzsienio-parodos-stende-1-300x96.png\" alt=\"\" width=\"300\" height=\"96\" srcset=\"https:\/\/granderp.com\/wp-content\/uploads\/2024\/02\/Uzsienio-parodos-stende-1-300x96.png 300w, https:\/\/granderp.com\/wp-content\/uploads\/2024\/02\/Uzsienio-parodos-stende-1-1024x327.png 1024w, https:\/\/granderp.com\/wp-content\/uploads\/2024\/02\/Uzsienio-parodos-stende-1-768x245.png 768w, https:\/\/granderp.com\/wp-content\/uploads\/2024\/02\/Uzsienio-parodos-stende-1-1536x491.png 1536w, https:\/\/granderp.com\/wp-content\/uploads\/2024\/02\/Uzsienio-parodos-stende-1-2048x655.png 2048w\" sizes=\"(max-width: 300px) 100vw, 300px\" \/><\/p><p>Projekto pavadinimas \u2013 <b>partneri\u0173 paie\u0161ka E\u012eT renginiuose tarptautin\u0117ms MTEP iniciatyvoms, kuriant debes\u0173 technologijomis gr\u012fstus sprendimus \u012fvairiose verslo srityse<\/b><\/p><p>Projekto tikslas \u2013\u00a0 pl\u0117toti tarptautin\u0119 partneryst\u0119 ir tinklaveik\u0105, per E\u012eT ie\u0161kant galimybi\u0173 dalyvauti tarptautin\u0117se ES MTEPI iniciatyvose.<\/p><p>Projekto vykdytojas \u2013 \u201eUAB GRAND ERP\u201c<\/p><p>Bendra projekto vert\u0117 \u2013 20\u00a0189,56 EUR<\/p><p>Projekto vykdymo prad\u017eia \u2013 2019 04 05<\/p><p>Projektas finansuojamas i\u0161 Europos regionin\u0117s pl\u0117tros fondo.<\/p><p>\u201eUAB Grand ERP\u201c \u2013 tai \u012fmon\u0117 kurianti unikalius ir \u0161iuolaikinius IT sprendimus, padedan\u010dius vystyti versl\u0105, efektyvinti veiklos procesus, taupyti laik\u0105 ir ka\u0161tus. \u012emon\u0117je dirba kompetetingi, inovatyv\u016bs, atviri i\u0161\u0161\u016bkiams darbuotojai, kurie turi patirties gamybos, pardavim\u0173, paslaug\u0173 \u012fmon\u0117se. Pastaruoju metu didelis d\u0117mesys yra skiriamas skirting\u0173 sistem\u0173 s\u0105veikai, integracijai, proces\u0173 optimizavimui, in\u017eineriniam diegimui bei su jais susijusiais inovatyviais sprendimais bei naujomis technologijomis, kurias galima panaudoti kuriant auk\u0161tos pridetin\u0117s vert\u0117s produktus. Siekiant i\u0161likti konkurencingais, \u012fmonei nepakanka vidini\u0173 i\u0161tekli\u0173, kurti rinkos poreikius atitinkan\u010dius sprendimus ir paslaugas. Tod\u0117l yra b\u016btina pl\u0117toti tarptautin\u012f bendradarbiavim\u0105 MTEPI srityje bei stengtis i\u0161naudoti ES MTEPI iniciatyv\u0173 (program\u0173) teikiamas galimybes.<\/p><p>Projekto metu planuojama dalyvauti 5-se renginiuose.<\/p><p>Dalyvaujant tarptautini\u0173 MTEPI veiklos iniciatyv\u0173, apie kurias informacij\u0105 teikia E\u012eT organizacijos, renginiuose bus tikimasi surasti partneri\u0173 dalyvauti konkre\u010dioje \u2013 vienoje ar keliose\u00a0 tarptautin\u0117se ES MTEPI programose (Cosme; SME Intrument; Horizon2020, Eureka; Eurostars; ir pan.).<\/p><p>Tikimasi, kad aktyvaus dalyvavimo renginiuose d\u0117ka pavyks su tarptautiniais partneriais pasira\u0161yti nema\u017eiau kaip vien\u0105 susitarim\u0105 \u2013 teisi\u0161kai saistan\u010di\u0105 sutart\u012f\/ susitarim\u0105, \u012fpareigojant\u012f parei\u0161k\u0117j\u0105 ir tarptautin\u012f partner\u012f kartu bendradarbiaujant teikti parai\u0161kas tarptautin\u0117ms MTEPI srities iniciatyvoms (programoms) \u012fgyvendinti.<\/p><p>Projekto pavadinimas \u2013 <b>PRIORITETO \u201eSMULKIOJO IR VIDUTINIO VERSLO KONKURENCINGUMO SKATINIMAS\u201c.<\/b><br \/>Projekto tikslas \u2013\u00a0 ie\u0161koti galimybi\u0173 dalyvauti tarptautin\u0117se parodose, pl\u0117toti tarptautin\u0119 partneryst\u0119 ir tinklaveik\u0105, tokiu b\u016bdu didinant \u012fmon\u0117s eksport\u0105.<\/p><p>Projekto vykdytojas \u2013 \u201eUAB GRAND ERP\u201c<\/p><p>Bendra projekto vert\u0117 \u2013 86 312 EUR<\/p><p>Projekto vykdymo prad\u017eia \u2013 2019 08 09<\/p><p>Projekto metu planuojama dalyvauti 8-se renginiuose.<\/p><p>\u012emon\u0117 yra padariusi tikrai didele pa\u017eanga vystant verslo valdymo sistemas gamybin\u0117ms ir atlieku r\u016b\u0161iavimo \u012fmon\u0117ms ir organizacijoms. Atrinkin\u0117jant renginius \u012f kuriuos planuojama vykti buvo atsi\u017evelgta \u012f \u012fmon\u0117s stipri\u0105sias puses, d\u0117l to buvo i\u0161rinkti sekantys renginiai:<\/p><p>Tikimasi, kad aktyvaus dalyvavimo renginiuose d\u0117ka pavyks su tarptautiniais partneriais pasira\u0161yti nema\u017eiau kaip vien\u0105 susitarim\u0105. Tokiu b\u016bd\u0173 auginant \u012fmon\u0117s lietuvi\u0161kos kilm\u0117s produkcijos eksporto padid\u0117jim\u0105<\/p><p>Projekto pavadinimas \u2013 partneri\u0173 paie\u0161ka E\u012eT renginiuose tarptautin\u0117ms MTEP iniciatyvoms, kuriant debes\u0173 technologijomis gr\u012fstus sprendimus \u012fvairiose verslo srityse.<\/p>\t\t\t\t\t\t\t\t<\/div>\n\t\t\t\t<\/div>\n\t\t\t\t\t<\/div>\n\t\t<\/div>\n\t\t\t\t\t<\/div>\n\t\t<\/section>\n\t\t\t\t<\/div>\n\t\t","protected":false},"excerpt":{"rendered":"<p>ES projektai \u00a0 \u012egyvendiname projekt\u0105 \u201eUAB GRAND ERP KIBERNETINIO SAUGUMO SPRENDIM\u0172 DIEGIMAS, DIDINANTIS \u012eMON\u0116S KIBERNETIN\u012e ATSPARUM\u0104\u201c UAB \u201eGrand ERP\u201c projektui CYBER-K02-037 \u201eUAB GRAND ERP KIBERNETINIO SAUGUMO SPRENDIM\u0172 DIEGIMAS, DIDINANTIS \u012eMON\u0116S KIBERNETIN\u012e ATSPARUM\u0104\u201c skirta 38 673,47 Eur, i\u0161 kuri\u0173 19 336,74 eur\u0173 2021\u20132027 m. Europos S\u0105jungos Skaitmenin\u0117s Europos programos l\u0117\u0161\u0173 ir 19 336,73 eur\u0173 Lietuvos Respublikos [&hellip;]<\/p>\n","protected":false},"author":1,"featured_media":0,"parent":0,"menu_order":0,"comment_status":"closed","ping_status":"closed","template":"","meta":{"_acf_changed":false,"footnotes":""},"class_list":["post-3081","page","type-page","status-publish","hentry"],"acf":[],"yoast_head":"<!-- This site is optimized with the Yoast SEO plugin v27.4 - https:\/\/yoast.com\/product\/yoast-seo-wordpress\/ -->\n<title>ES projektai - Granderp<\/title>\n<meta name=\"robots\" content=\"index, follow, max-snippet:-1, max-image-preview:large, max-video-preview:-1\" \/>\n<link rel=\"canonical\" href=\"https:\/\/granderp.com\/es-projects\/\" \/>\n<meta property=\"og:locale\" content=\"lt_LT\" \/>\n<meta property=\"og:type\" content=\"article\" \/>\n<meta property=\"og:title\" content=\"ES projektai - Granderp\" \/>\n<meta property=\"og:description\" content=\"ES projektai \u00a0 \u012egyvendiname projekt\u0105 \u201eUAB GRAND ERP KIBERNETINIO SAUGUMO SPRENDIM\u0172 DIEGIMAS, DIDINANTIS \u012eMON\u0116S KIBERNETIN\u012e ATSPARUM\u0104\u201c UAB \u201eGrand ERP\u201c projektui CYBER-K02-037 \u201eUAB GRAND ERP KIBERNETINIO SAUGUMO SPRENDIM\u0172 DIEGIMAS, DIDINANTIS \u012eMON\u0116S KIBERNETIN\u012e ATSPARUM\u0104\u201c skirta 38 673,47 Eur, i\u0161 kuri\u0173 19 336,74 eur\u0173 2021\u20132027 m. Europos S\u0105jungos Skaitmenin\u0117s Europos programos l\u0117\u0161\u0173 ir 19 336,73 eur\u0173 Lietuvos Respublikos [&hellip;]\" \/>\n<meta property=\"og:url\" content=\"https:\/\/granderp.com\/es-projects\/\" \/>\n<meta property=\"og:site_name\" content=\"Granderp\" \/>\n<meta property=\"article:modified_time\" content=\"2025-09-01T04:31:32+00:00\" \/>\n<meta property=\"og:image\" content=\"https:\/\/granderp.com\/wp-content\/uploads\/2025\/09\/f8b3c31ccaba93a5ef1898d3f5af8149.png\" \/>\n\t<meta property=\"og:image:width\" content=\"1379\" \/>\n\t<meta property=\"og:image:height\" content=\"197\" \/>\n\t<meta property=\"og:image:type\" content=\"image\/png\" \/>\n<meta name=\"twitter:card\" content=\"summary_large_image\" \/>\n<meta name=\"twitter:label1\" content=\"Est. reading time\" \/>\n\t<meta name=\"twitter:data1\" content=\"5 minut\u0117s\" \/>\n<script type=\"application\/ld+json\" class=\"yoast-schema-graph\">{\"@context\":\"https:\\\/\\\/schema.org\",\"@graph\":[{\"@type\":\"WebPage\",\"@id\":\"https:\\\/\\\/granderp.com\\\/es-projects\\\/\",\"url\":\"https:\\\/\\\/granderp.com\\\/es-projects\\\/\",\"name\":\"ES projektai - Granderp\",\"isPartOf\":{\"@id\":\"https:\\\/\\\/granderp.com\\\/#website\"},\"primaryImageOfPage\":{\"@id\":\"https:\\\/\\\/granderp.com\\\/es-projects\\\/#primaryimage\"},\"image\":{\"@id\":\"https:\\\/\\\/granderp.com\\\/es-projects\\\/#primaryimage\"},\"thumbnailUrl\":\"https:\\\/\\\/granderp.com\\\/wp-content\\\/uploads\\\/2025\\\/09\\\/f8b3c31ccaba93a5ef1898d3f5af8149-300x43.png\",\"datePublished\":\"2024-02-14T11:07:14+00:00\",\"dateModified\":\"2025-09-01T04:31:32+00:00\",\"breadcrumb\":{\"@id\":\"https:\\\/\\\/granderp.com\\\/es-projects\\\/#breadcrumb\"},\"inLanguage\":\"lt-LT\",\"potentialAction\":[{\"@type\":\"ReadAction\",\"target\":[\"https:\\\/\\\/granderp.com\\\/es-projects\\\/\"]}]},{\"@type\":\"ImageObject\",\"inLanguage\":\"lt-LT\",\"@id\":\"https:\\\/\\\/granderp.com\\\/es-projects\\\/#primaryimage\",\"url\":\"https:\\\/\\\/granderp.com\\\/wp-content\\\/uploads\\\/2025\\\/09\\\/f8b3c31ccaba93a5ef1898d3f5af8149-300x43.png\",\"contentUrl\":\"https:\\\/\\\/granderp.com\\\/wp-content\\\/uploads\\\/2025\\\/09\\\/f8b3c31ccaba93a5ef1898d3f5af8149-300x43.png\"},{\"@type\":\"BreadcrumbList\",\"@id\":\"https:\\\/\\\/granderp.com\\\/es-projects\\\/#breadcrumb\",\"itemListElement\":[{\"@type\":\"ListItem\",\"position\":1,\"name\":\"Home\",\"item\":\"https:\\\/\\\/granderp.com\\\/lt\\\/\"},{\"@type\":\"ListItem\",\"position\":2,\"name\":\"ES projektai\"}]},{\"@type\":\"WebSite\",\"@id\":\"https:\\\/\\\/granderp.com\\\/#website\",\"url\":\"https:\\\/\\\/granderp.com\\\/\",\"name\":\"Granderp.com\",\"description\":\"CRM Software. Designed for dynamic sales teams, streamlines your sales process with a user-friendly interface, mobile access, automated lead nurturing.\",\"publisher\":{\"@id\":\"https:\\\/\\\/granderp.com\\\/#organization\"},\"potentialAction\":[{\"@type\":\"SearchAction\",\"target\":{\"@type\":\"EntryPoint\",\"urlTemplate\":\"https:\\\/\\\/granderp.com\\\/?s={search_term_string}\"},\"query-input\":{\"@type\":\"PropertyValueSpecification\",\"valueRequired\":true,\"valueName\":\"search_term_string\"}}],\"inLanguage\":\"lt-LT\"},{\"@type\":\"Organization\",\"@id\":\"https:\\\/\\\/granderp.com\\\/#organization\",\"name\":\"Granderp\",\"url\":\"https:\\\/\\\/granderp.com\\\/\",\"logo\":{\"@type\":\"ImageObject\",\"inLanguage\":\"lt-LT\",\"@id\":\"https:\\\/\\\/granderp.com\\\/#\\\/schema\\\/logo\\\/image\\\/\",\"url\":\"https:\\\/\\\/granderp.com\\\/wp-content\\\/uploads\\\/2023\\\/06\\\/granderp-logo.svg\",\"contentUrl\":\"https:\\\/\\\/granderp.com\\\/wp-content\\\/uploads\\\/2023\\\/06\\\/granderp-logo.svg\",\"width\":587.2,\"height\":57.1,\"caption\":\"Granderp\"},\"image\":{\"@id\":\"https:\\\/\\\/granderp.com\\\/#\\\/schema\\\/logo\\\/image\\\/\"}}]}<\/script>\n<!-- \/ Yoast SEO plugin. -->","yoast_head_json":{"title":"ES projektai - Granderp","robots":{"index":"index","follow":"follow","max-snippet":"max-snippet:-1","max-image-preview":"max-image-preview:large","max-video-preview":"max-video-preview:-1"},"canonical":"https:\/\/granderp.com\/es-projects\/","og_locale":"lt_LT","og_type":"article","og_title":"ES projektai - Granderp","og_description":"ES projektai \u00a0 \u012egyvendiname projekt\u0105 \u201eUAB GRAND ERP KIBERNETINIO SAUGUMO SPRENDIM\u0172 DIEGIMAS, DIDINANTIS \u012eMON\u0116S KIBERNETIN\u012e ATSPARUM\u0104\u201c UAB \u201eGrand ERP\u201c projektui CYBER-K02-037 \u201eUAB GRAND ERP KIBERNETINIO SAUGUMO SPRENDIM\u0172 DIEGIMAS, DIDINANTIS \u012eMON\u0116S KIBERNETIN\u012e ATSPARUM\u0104\u201c skirta 38 673,47 Eur, i\u0161 kuri\u0173 19 336,74 eur\u0173 2021\u20132027 m. Europos S\u0105jungos Skaitmenin\u0117s Europos programos l\u0117\u0161\u0173 ir 19 336,73 eur\u0173 Lietuvos Respublikos [&hellip;]","og_url":"https:\/\/granderp.com\/es-projects\/","og_site_name":"Granderp","article_modified_time":"2025-09-01T04:31:32+00:00","og_image":[{"width":1379,"height":197,"url":"https:\/\/granderp.com\/wp-content\/uploads\/2025\/09\/f8b3c31ccaba93a5ef1898d3f5af8149.png","type":"image\/png"}],"twitter_card":"summary_large_image","twitter_misc":{"Est. reading time":"5 minut\u0117s"},"schema":{"@context":"https:\/\/schema.org","@graph":[{"@type":"WebPage","@id":"https:\/\/granderp.com\/es-projects\/","url":"https:\/\/granderp.com\/es-projects\/","name":"ES projektai - Granderp","isPartOf":{"@id":"https:\/\/granderp.com\/#website"},"primaryImageOfPage":{"@id":"https:\/\/granderp.com\/es-projects\/#primaryimage"},"image":{"@id":"https:\/\/granderp.com\/es-projects\/#primaryimage"},"thumbnailUrl":"https:\/\/granderp.com\/wp-content\/uploads\/2025\/09\/f8b3c31ccaba93a5ef1898d3f5af8149-300x43.png","datePublished":"2024-02-14T11:07:14+00:00","dateModified":"2025-09-01T04:31:32+00:00","breadcrumb":{"@id":"https:\/\/granderp.com\/es-projects\/#breadcrumb"},"inLanguage":"lt-LT","potentialAction":[{"@type":"ReadAction","target":["https:\/\/granderp.com\/es-projects\/"]}]},{"@type":"ImageObject","inLanguage":"lt-LT","@id":"https:\/\/granderp.com\/es-projects\/#primaryimage","url":"https:\/\/granderp.com\/wp-content\/uploads\/2025\/09\/f8b3c31ccaba93a5ef1898d3f5af8149-300x43.png","contentUrl":"https:\/\/granderp.com\/wp-content\/uploads\/2025\/09\/f8b3c31ccaba93a5ef1898d3f5af8149-300x43.png"},{"@type":"BreadcrumbList","@id":"https:\/\/granderp.com\/es-projects\/#breadcrumb","itemListElement":[{"@type":"ListItem","position":1,"name":"Home","item":"https:\/\/granderp.com\/lt\/"},{"@type":"ListItem","position":2,"name":"ES projektai"}]},{"@type":"WebSite","@id":"https:\/\/granderp.com\/#website","url":"https:\/\/granderp.com\/","name":"Granderp.com","description":"CRM Software. Designed for dynamic sales teams, streamlines your sales process with a user-friendly interface, mobile access, automated lead nurturing.","publisher":{"@id":"https:\/\/granderp.com\/#organization"},"potentialAction":[{"@type":"SearchAction","target":{"@type":"EntryPoint","urlTemplate":"https:\/\/granderp.com\/?s={search_term_string}"},"query-input":{"@type":"PropertyValueSpecification","valueRequired":true,"valueName":"search_term_string"}}],"inLanguage":"lt-LT"},{"@type":"Organization","@id":"https:\/\/granderp.com\/#organization","name":"Granderp","url":"https:\/\/granderp.com\/","logo":{"@type":"ImageObject","inLanguage":"lt-LT","@id":"https:\/\/granderp.com\/#\/schema\/logo\/image\/","url":"https:\/\/granderp.com\/wp-content\/uploads\/2023\/06\/granderp-logo.svg","contentUrl":"https:\/\/granderp.com\/wp-content\/uploads\/2023\/06\/granderp-logo.svg","width":587.2,"height":57.1,"caption":"Granderp"},"image":{"@id":"https:\/\/granderp.com\/#\/schema\/logo\/image\/"}}]}},"_links":{"self":[{"href":"https:\/\/granderp.com\/lt\/wp-json\/wp\/v2\/pages\/3081","targetHints":{"allow":["GET"]}}],"collection":[{"href":"https:\/\/granderp.com\/lt\/wp-json\/wp\/v2\/pages"}],"about":[{"href":"https:\/\/granderp.com\/lt\/wp-json\/wp\/v2\/types\/page"}],"author":[{"embeddable":true,"href":"https:\/\/granderp.com\/lt\/wp-json\/wp\/v2\/users\/1"}],"replies":[{"embeddable":true,"href":"https:\/\/granderp.com\/lt\/wp-json\/wp\/v2\/comments?post=3081"}],"version-history":[{"count":29,"href":"https:\/\/granderp.com\/lt\/wp-json\/wp\/v2\/pages\/3081\/revisions"}],"predecessor-version":[{"id":3174,"href":"https:\/\/granderp.com\/lt\/wp-json\/wp\/v2\/pages\/3081\/revisions\/3174"}],"wp:attachment":[{"href":"https:\/\/granderp.com\/lt\/wp-json\/wp\/v2\/media?parent=3081"}],"curies":[{"name":"wp","href":"https:\/\/api.w.org\/{rel}","templated":true}]}}