{"id":1721,"date":"2019-08-14T15:27:54","date_gmt":"2019-08-14T15:27:54","guid":{"rendered":"https:\/\/granderp.com\/om-oss\/"},"modified":"2024-02-06T12:04:27","modified_gmt":"2024-02-06T12:04:27","slug":"om-oss","status":"publish","type":"page","link":"https:\/\/granderp.com\/no\/om-oss\/","title":{"rendered":"Om oss"},"content":{"rendered":"\t\t<div data-elementor-type=\"wp-post\" data-elementor-id=\"1721\" class=\"elementor elementor-1721 elementor-19\">\n\t\t\t\t\t\t<section class=\"elementor-section elementor-top-section elementor-element elementor-element-1c80b4a elementor-section-boxed elementor-section-height-default elementor-section-height-default\" data-id=\"1c80b4a\" data-element_type=\"section\" data-e-type=\"section\" data-settings=\"{&quot;jet_parallax_layout_list&quot;:[{&quot;jet_parallax_layout_image&quot;:{&quot;url&quot;:&quot;&quot;,&quot;id&quot;:&quot;&quot;,&quot;size&quot;:&quot;&quot;},&quot;_id&quot;:&quot;411049f&quot;,&quot;jet_parallax_layout_image_tablet&quot;:{&quot;url&quot;:&quot;&quot;,&quot;id&quot;:&quot;&quot;,&quot;size&quot;:&quot;&quot;},&quot;jet_parallax_layout_image_mobile&quot;:{&quot;url&quot;:&quot;&quot;,&quot;id&quot;:&quot;&quot;,&quot;size&quot;:&quot;&quot;},&quot;jet_parallax_layout_speed&quot;:{&quot;unit&quot;:&quot;%&quot;,&quot;size&quot;:&quot;50&quot;,&quot;sizes&quot;:[]},&quot;jet_parallax_layout_bg_x&quot;:&quot;50&quot;,&quot;jet_parallax_layout_bg_y&quot;:&quot;50&quot;,&quot;jet_parallax_layout_type&quot;:&quot;scroll&quot;,&quot;jet_parallax_layout_direction&quot;:&quot;1&quot;,&quot;jet_parallax_layout_fx_direction&quot;:null,&quot;jet_parallax_layout_z_index&quot;:&quot;&quot;,&quot;jet_parallax_layout_bg_x_tablet&quot;:&quot;&quot;,&quot;jet_parallax_layout_bg_x_mobile&quot;:&quot;&quot;,&quot;jet_parallax_layout_bg_y_tablet&quot;:&quot;&quot;,&quot;jet_parallax_layout_bg_y_mobile&quot;:&quot;&quot;,&quot;jet_parallax_layout_bg_size&quot;:&quot;auto&quot;,&quot;jet_parallax_layout_bg_size_tablet&quot;:&quot;&quot;,&quot;jet_parallax_layout_bg_size_mobile&quot;:&quot;&quot;,&quot;jet_parallax_layout_animation_prop&quot;:&quot;transform&quot;,&quot;jet_parallax_layout_on&quot;:[&quot;desktop&quot;,&quot;tablet&quot;]}],&quot;background_background&quot;:&quot;classic&quot;}\">\n\t\t\t\t\t\t<div class=\"elementor-container elementor-column-gap-default\">\n\t\t\t\t\t<div class=\"elementor-column elementor-col-100 elementor-top-column elementor-element elementor-element-a407d3a\" data-id=\"a407d3a\" data-element_type=\"column\" data-e-type=\"column\">\n\t\t\t<div class=\"elementor-widget-wrap\">\n\t\t\t\t\t\t\t<\/div>\n\t\t<\/div>\n\t\t\t\t\t<\/div>\n\t\t<\/section>\n\t\t\t\t<section class=\"elementor-section elementor-top-section elementor-element elementor-element-48c63c5 elementor-section-boxed elementor-section-height-default elementor-section-height-default\" data-id=\"48c63c5\" data-element_type=\"section\" data-e-type=\"section\" data-settings=\"{&quot;jet_parallax_layout_list&quot;:[]}\">\n\t\t\t\t\t\t<div class=\"elementor-container elementor-column-gap-default\">\n\t\t\t\t\t<div class=\"elementor-column elementor-col-100 elementor-top-column elementor-element elementor-element-2a3ddac\" data-id=\"2a3ddac\" data-element_type=\"column\" data-e-type=\"column\">\n\t\t\t<div class=\"elementor-widget-wrap elementor-element-populated\">\n\t\t\t\t\t\t<div class=\"elementor-element elementor-element-cd7d9b7 elementor-mobile-align-center elementor-align-left elementor-widget elementor-widget-raven-heading\" data-id=\"cd7d9b7\" data-element_type=\"widget\" data-e-type=\"widget\" data-widget_type=\"raven-heading.default\">\n\t\t\t\t<div class=\"elementor-widget-container\">\n\t\t\t\t\t\t\t<div class=\"raven-widget-wrapper\"><h2 class=\"raven-heading raven-heading-h2\"><span class=\"raven-heading-title \">V\u00c5R REISE \/ V\u00c5R HISTORIE<\/span><\/h2><\/div>\n\t\t\t\t\t\t<\/div>\n\t\t\t\t<\/div>\n\t\t\t\t<div class=\"elementor-element elementor-element-818d7b8 elementor-widget elementor-widget-text-editor\" data-id=\"818d7b8\" data-element_type=\"widget\" data-e-type=\"widget\" data-widget_type=\"text-editor.default\">\n\t\t\t\t<div class=\"elementor-widget-container\">\n\t\t\t\t\t\t\t\t\t<p>Vi er en dynamisk konserngruppe som tilbyr omfattende tjenester innen IT. Mens vi har base i Litauen, er v\u00e5re teammedlemmer spredt globalt. V\u00e5r spesialkompetanse ligger i programmering, prim\u00e6rt med fokus p\u00e5 Python og JavaScript. Vi er dedikert til \u00e5 drive produktivitetsforbedringer i n\u00e6ringslivet.<\/p>\n<p>Vi mener sterkt at produktivitet er en kritisk faktor som ofte overses i mange selskaper. For \u00e5 h\u00e5ndtere dette, har vi omfavnet agile metodologier for \u00e5 forbedre v\u00e5r egen produktivitet. ed \u00e5 adoptere agile prinsipper streber vi kontinuerlig etter \u00e5 optimalisere arbeidsflyten v\u00e5r og levere effektive l\u00f8sninger til v\u00e5re kunder.<\/p>\n<p>V\u00e5rt dedikerte supportteam er forpliktet til \u00e5 im\u00f8tekomme alle v\u00e5re kunders behov. De er alltid tilgjengelige for \u00e5 gi assistanse og st\u00f8tte, og sikrer at v\u00e5re kunder kan stole p\u00e5 oss til enhver tid Det som skiller oss ut, er v\u00e5rt mangfoldige team av eksperter som har kompetanse ikke bare innen programmering, men ogs\u00e5 innen omr\u00e5der som produksjon, gjenvinning og konstruksjon. Deres kunnskap og innsikt gj\u00f8r det mulig for oss \u00e5 skreddersy v\u00e5re produkter og tjenester for \u00e5 m\u00f8te de spesifikke kravene til v\u00e5re kunder.<\/p>\n\t\t\t\t\t\t\t\t<\/div>\n\t\t\t\t<\/div>\n\t\t\t\t\t<\/div>\n\t\t<\/div>\n\t\t\t\t\t<\/div>\n\t\t<\/section>\n\t\t\t\t<section class=\"elementor-section elementor-top-section elementor-element elementor-element-e19d9ef elementor-section-content-middle elementor-section-boxed elementor-section-height-default elementor-section-height-default\" data-id=\"e19d9ef\" data-element_type=\"section\" data-e-type=\"section\" data-settings=\"{&quot;jet_parallax_layout_list&quot;:[{&quot;jet_parallax_layout_image&quot;:{&quot;url&quot;:&quot;&quot;,&quot;id&quot;:&quot;&quot;,&quot;size&quot;:&quot;&quot;},&quot;_id&quot;:&quot;ce99531&quot;,&quot;jet_parallax_layout_image_tablet&quot;:{&quot;url&quot;:&quot;&quot;,&quot;id&quot;:&quot;&quot;,&quot;size&quot;:&quot;&quot;},&quot;jet_parallax_layout_image_mobile&quot;:{&quot;url&quot;:&quot;&quot;,&quot;id&quot;:&quot;&quot;,&quot;size&quot;:&quot;&quot;},&quot;jet_parallax_layout_speed&quot;:{&quot;unit&quot;:&quot;%&quot;,&quot;size&quot;:&quot;50&quot;,&quot;sizes&quot;:[]},&quot;jet_parallax_layout_bg_x&quot;:&quot;50&quot;,&quot;jet_parallax_layout_bg_y&quot;:&quot;50&quot;,&quot;jet_parallax_layout_type&quot;:&quot;scroll&quot;,&quot;jet_parallax_layout_direction&quot;:&quot;1&quot;,&quot;jet_parallax_layout_fx_direction&quot;:null,&quot;jet_parallax_layout_z_index&quot;:&quot;&quot;,&quot;jet_parallax_layout_bg_x_tablet&quot;:&quot;&quot;,&quot;jet_parallax_layout_bg_x_mobile&quot;:&quot;&quot;,&quot;jet_parallax_layout_bg_y_tablet&quot;:&quot;&quot;,&quot;jet_parallax_layout_bg_y_mobile&quot;:&quot;&quot;,&quot;jet_parallax_layout_bg_size&quot;:&quot;auto&quot;,&quot;jet_parallax_layout_bg_size_tablet&quot;:&quot;&quot;,&quot;jet_parallax_layout_bg_size_mobile&quot;:&quot;&quot;,&quot;jet_parallax_layout_animation_prop&quot;:&quot;transform&quot;,&quot;jet_parallax_layout_on&quot;:[&quot;desktop&quot;,&quot;tablet&quot;]}]}\">\n\t\t\t\t\t\t<div class=\"elementor-container elementor-column-gap-default\">\n\t\t\t\t\t<div class=\"elementor-column elementor-col-50 elementor-top-column elementor-element elementor-element-ac52a9f\" data-id=\"ac52a9f\" data-element_type=\"column\" data-e-type=\"column\">\n\t\t\t<div class=\"elementor-widget-wrap elementor-element-populated\">\n\t\t\t\t\t\t<div class=\"elementor-element elementor-element-6733136 interesitingabouttext elementor-widget elementor-widget-heading\" data-id=\"6733136\" data-element_type=\"widget\" data-e-type=\"widget\" data-widget_type=\"heading.default\">\n\t\t\t\t<div class=\"elementor-widget-container\">\n\t\t\t\t\t<h2 class=\"elementor-heading-title elementor-size-default\"><span>Spar tid for alle<\/span> ved \u00e5 gj\u00f8re verden mer produktiv.<\/h2>\t\t\t\t<\/div>\n\t\t\t\t<\/div>\n\t\t\t\t\t<\/div>\n\t\t<\/div>\n\t\t\t\t<div class=\"elementor-column elementor-col-50 elementor-top-column elementor-element elementor-element-26210b8\" data-id=\"26210b8\" data-element_type=\"column\" data-e-type=\"column\">\n\t\t\t<div class=\"elementor-widget-wrap elementor-element-populated\">\n\t\t\t\t\t\t<div class=\"elementor-element elementor-element-e774a28 elementor-widget elementor-widget-text-editor\" data-id=\"e774a28\" data-element_type=\"widget\" data-e-type=\"widget\" data-widget_type=\"text-editor.default\">\n\t\t\t\t<div class=\"elementor-widget-container\">\n\t\t\t\t\t\t\t\t\t<p>Selv om v\u00e5rt prim\u00e6re fokus er innenfor Litauen, har v\u00e5r rekkevidde utvidet seg for \u00e5 betjene kunder i ulike europeiske land. Et tilknyttet selskap av oss spesialiserer seg eksklusivt p\u00e5 serverutleie og administrasjonstjenester, og tilbyr p\u00e5litelige l\u00f8sninger skreddersydd for bedrifters hostingbehov. Videre kan vi skryte av \u00e5 ha en dedikert enhet med fokus p\u00e5 innovasjon. Dette teamet utforsker kontinuerlig markedet og nye teknologier, og utnytter kraften i AI og andre banebrytende fremskritt for \u00e5 integrere dem s\u00f8ml\u00f8st i v\u00e5r portef\u00f8lje av produkter og tjenester.<\/p>\n<p>Vi er dedikert til \u00e5 levere eksepsjonelle l\u00f8sninger og overg\u00e5 forventningene til v\u00e5re kunder. Enten du er en lokal eller internasjonal klient, er vi forpliktet til \u00e5 gi deg tjenester av topp kvalitet og \u00e5 bygge varige partnerskap.<\/p>\n\t\t\t\t\t\t\t\t<\/div>\n\t\t\t\t<\/div>\n\t\t\t\t\t<\/div>\n\t\t<\/div>\n\t\t\t\t\t<\/div>\n\t\t<\/section>\n\t\t\t\t<section class=\"elementor-section elementor-top-section elementor-element elementor-element-ac226d9 elementor-section-content-middle elementor-section-boxed elementor-section-height-default elementor-section-height-default\" data-id=\"ac226d9\" data-element_type=\"section\" data-e-type=\"section\" data-settings=\"{&quot;jet_parallax_layout_list&quot;:[{&quot;jet_parallax_layout_image&quot;:{&quot;url&quot;:&quot;&quot;,&quot;id&quot;:&quot;&quot;,&quot;size&quot;:&quot;&quot;},&quot;_id&quot;:&quot;cbd9f59&quot;,&quot;jet_parallax_layout_image_tablet&quot;:{&quot;url&quot;:&quot;&quot;,&quot;id&quot;:&quot;&quot;,&quot;size&quot;:&quot;&quot;},&quot;jet_parallax_layout_image_mobile&quot;:{&quot;url&quot;:&quot;&quot;,&quot;id&quot;:&quot;&quot;,&quot;size&quot;:&quot;&quot;},&quot;jet_parallax_layout_speed&quot;:{&quot;unit&quot;:&quot;%&quot;,&quot;size&quot;:&quot;50&quot;,&quot;sizes&quot;:[]},&quot;jet_parallax_layout_bg_x&quot;:&quot;50&quot;,&quot;jet_parallax_layout_bg_y&quot;:&quot;50&quot;,&quot;jet_parallax_layout_type&quot;:&quot;scroll&quot;,&quot;jet_parallax_layout_direction&quot;:&quot;1&quot;,&quot;jet_parallax_layout_fx_direction&quot;:null,&quot;jet_parallax_layout_z_index&quot;:&quot;&quot;,&quot;jet_parallax_layout_bg_x_tablet&quot;:&quot;&quot;,&quot;jet_parallax_layout_bg_x_mobile&quot;:&quot;&quot;,&quot;jet_parallax_layout_bg_y_tablet&quot;:&quot;&quot;,&quot;jet_parallax_layout_bg_y_mobile&quot;:&quot;&quot;,&quot;jet_parallax_layout_bg_size&quot;:&quot;auto&quot;,&quot;jet_parallax_layout_bg_size_tablet&quot;:&quot;&quot;,&quot;jet_parallax_layout_bg_size_mobile&quot;:&quot;&quot;,&quot;jet_parallax_layout_animation_prop&quot;:&quot;transform&quot;,&quot;jet_parallax_layout_on&quot;:[&quot;desktop&quot;,&quot;tablet&quot;]}]}\">\n\t\t\t\t\t\t<div class=\"elementor-container elementor-column-gap-default\">\n\t\t\t\t\t<div class=\"elementor-column elementor-col-50 elementor-top-column elementor-element elementor-element-cf2b70d\" data-id=\"cf2b70d\" data-element_type=\"column\" data-e-type=\"column\" data-settings=\"{&quot;background_background&quot;:&quot;classic&quot;}\">\n\t\t\t<div class=\"elementor-widget-wrap elementor-element-populated\">\n\t\t\t\t\t\t<div class=\"elementor-element elementor-element-63a2500 elementor-mobile-align-center elementor-align-left elementor-widget elementor-widget-raven-heading\" data-id=\"63a2500\" data-element_type=\"widget\" data-e-type=\"widget\" data-widget_type=\"raven-heading.default\">\n\t\t\t\t<div class=\"elementor-widget-container\">\n\t\t\t\t\t\t\t<div class=\"raven-widget-wrapper\"><h2 class=\"raven-heading raven-heading-h2\"><span class=\"raven-heading-title \">VIL DU BLI MED I V\u00c5RT TEAM?<\/span><\/h2><\/div>\n\t\t\t\t\t\t<\/div>\n\t\t\t\t<\/div>\n\t\t\t\t\t<\/div>\n\t\t<\/div>\n\t\t\t\t<div class=\"elementor-column elementor-col-50 elementor-top-column elementor-element elementor-element-aece8ea\" data-id=\"aece8ea\" data-element_type=\"column\" data-e-type=\"column\" data-settings=\"{&quot;background_background&quot;:&quot;classic&quot;}\">\n\t\t\t<div class=\"elementor-widget-wrap elementor-element-populated\">\n\t\t\t\t\t\t<div class=\"elementor-element elementor-element-b49f368 elementor-align-right elementor-mobile-align-center elementor-widget elementor-widget-raven-button\" data-id=\"b49f368\" data-element_type=\"widget\" data-e-type=\"widget\" data-settings=\"{&quot;turn_to_popup_action_button&quot;:&quot;no&quot;}\" data-widget_type=\"raven-button.default\">\n\t\t\t\t<div class=\"elementor-widget-container\">\n\t\t\t\t\t\t\t<div class=\"raven-widget-wrapper\">\n\t\t\t<a class=\"raven-button raven-button-widget-normal-effect-none  raven-button-text-align-center raven-button-link elementor-animation-none\" href=\"https:\/\/granderp.com\/no\/kontaktinformasjon\/\">\t\t\t\t<div class=\"raven-button-overlay\" ><\/div>\n\t\t\t\t<span class=\"raven-button-content\">\n\t\t\t\t\t\n\t\t\t\t\t<div class=\"button-text-container\">\n\t\t\t\t\t\t\t\t\t\t\t\t<div class=\"raven-button-texts-wrapper\">\n\t\t\t\t\t\t\t<div class=\"button-text\">\n\t\t\t\t\t\t\t\t<span class=\"raven-button-text\">\n\t\t\t\t\t\t\t\t\tGi beskjed.\t\t\t\t\t\t\t\t<\/span>\n\t\t\t\t\t\t\t<\/div>\n\t\t\t\t\t\t\t\t\t\t\t\t\t<\/div>\n\t\t\t\t\t\t\t\t\t\t\t<\/div>\n\t\t\t\t\t\n\t\t\t\t\t\t\t\t\t<\/span>\n\t\t\t<\/a>\t\t<\/div>\n\t\t\t\t\t\t<\/div>\n\t\t\t\t<\/div>\n\t\t\t\t\t<\/div>\n\t\t<\/div>\n\t\t\t\t\t<\/div>\n\t\t<\/section>\n\t\t\t\t<\/div>\n\t\t","protected":false},"excerpt":{"rendered":"<p>V\u00c5R REISE \/ V\u00c5R HISTORIE Vi er en dynamisk konserngruppe som tilbyr omfattende tjenester innen IT. Mens vi har base i Litauen, er v\u00e5re teammedlemmer spredt globalt. V\u00e5r spesialkompetanse ligger i programmering, prim\u00e6rt med fokus p\u00e5 Python og JavaScript. Vi er dedikert til \u00e5 drive produktivitetsforbedringer i n\u00e6ringslivet. Vi mener sterkt at produktivitet er en [&hellip;]<\/p>\n","protected":false},"author":1,"featured_media":0,"parent":0,"menu_order":0,"comment_status":"closed","ping_status":"closed","template":"elementor_header_footer","meta":{"_acf_changed":false,"footnotes":""},"class_list":["post-1721","page","type-page","status-publish","hentry"],"acf":[],"yoast_head":"<!-- This site is optimized with the Yoast SEO plugin v27.5 - https:\/\/yoast.com\/product\/yoast-seo-wordpress\/ -->\n<title>Om oss - Granderp<\/title>\n<meta name=\"robots\" content=\"index, follow, max-snippet:-1, max-image-preview:large, max-video-preview:-1\" \/>\n<link rel=\"canonical\" href=\"https:\/\/granderp.com\/no\/om-oss\/\" \/>\n<meta property=\"og:locale\" content=\"nb_NO\" \/>\n<meta property=\"og:type\" content=\"article\" \/>\n<meta property=\"og:title\" content=\"Om oss - Granderp\" \/>\n<meta property=\"og:description\" content=\"V\u00c5R REISE \/ V\u00c5R HISTORIE Vi er en dynamisk konserngruppe som tilbyr omfattende tjenester innen IT. Mens vi har base i Litauen, er v\u00e5re teammedlemmer spredt globalt. V\u00e5r spesialkompetanse ligger i programmering, prim\u00e6rt med fokus p\u00e5 Python og JavaScript. Vi er dedikert til \u00e5 drive produktivitetsforbedringer i n\u00e6ringslivet. Vi mener sterkt at produktivitet er en [&hellip;]\" \/>\n<meta property=\"og:url\" content=\"https:\/\/granderp.com\/no\/om-oss\/\" \/>\n<meta property=\"og:site_name\" content=\"Granderp\" \/>\n<meta property=\"article:modified_time\" content=\"2024-02-06T12:04:27+00:00\" \/>\n<meta name=\"twitter:card\" content=\"summary_large_image\" \/>\n<meta name=\"twitter:label1\" content=\"Ansl. lesetid\" \/>\n\t<meta name=\"twitter:data1\" content=\"2 minutter\" \/>\n<script type=\"application\/ld+json\" class=\"yoast-schema-graph\">{\"@context\":\"https:\\\/\\\/schema.org\",\"@graph\":[{\"@type\":\"WebPage\",\"@id\":\"https:\\\/\\\/granderp.com\\\/no\\\/om-oss\\\/\",\"url\":\"https:\\\/\\\/granderp.com\\\/no\\\/om-oss\\\/\",\"name\":\"Om oss - Granderp\",\"isPartOf\":{\"@id\":\"https:\\\/\\\/granderp.com\\\/#website\"},\"datePublished\":\"2019-08-14T15:27:54+00:00\",\"dateModified\":\"2024-02-06T12:04:27+00:00\",\"breadcrumb\":{\"@id\":\"https:\\\/\\\/granderp.com\\\/no\\\/om-oss\\\/#breadcrumb\"},\"inLanguage\":\"nb-NO\",\"potentialAction\":[{\"@type\":\"ReadAction\",\"target\":[\"https:\\\/\\\/granderp.com\\\/no\\\/om-oss\\\/\"]}]},{\"@type\":\"BreadcrumbList\",\"@id\":\"https:\\\/\\\/granderp.com\\\/no\\\/om-oss\\\/#breadcrumb\",\"itemListElement\":[{\"@type\":\"ListItem\",\"position\":1,\"name\":\"Home\",\"item\":\"https:\\\/\\\/granderp.com\\\/no\\\/home\\\/\"},{\"@type\":\"ListItem\",\"position\":2,\"name\":\"Om oss\"}]},{\"@type\":\"WebSite\",\"@id\":\"https:\\\/\\\/granderp.com\\\/#website\",\"url\":\"https:\\\/\\\/granderp.com\\\/\",\"name\":\"Granderp.com\",\"description\":\"CRM Software. Designed for dynamic sales teams, streamlines your sales process with a user-friendly interface, mobile access, automated lead nurturing.\",\"publisher\":{\"@id\":\"https:\\\/\\\/granderp.com\\\/#organization\"},\"potentialAction\":[{\"@type\":\"SearchAction\",\"target\":{\"@type\":\"EntryPoint\",\"urlTemplate\":\"https:\\\/\\\/granderp.com\\\/?s={search_term_string}\"},\"query-input\":{\"@type\":\"PropertyValueSpecification\",\"valueRequired\":true,\"valueName\":\"search_term_string\"}}],\"inLanguage\":\"nb-NO\"},{\"@type\":\"Organization\",\"@id\":\"https:\\\/\\\/granderp.com\\\/#organization\",\"name\":\"Granderp\",\"url\":\"https:\\\/\\\/granderp.com\\\/\",\"logo\":{\"@type\":\"ImageObject\",\"inLanguage\":\"nb-NO\",\"@id\":\"https:\\\/\\\/granderp.com\\\/#\\\/schema\\\/logo\\\/image\\\/\",\"url\":\"https:\\\/\\\/granderp.com\\\/wp-content\\\/uploads\\\/2023\\\/06\\\/granderp-logo.svg\",\"contentUrl\":\"https:\\\/\\\/granderp.com\\\/wp-content\\\/uploads\\\/2023\\\/06\\\/granderp-logo.svg\",\"width\":587.2,\"height\":57.1,\"caption\":\"Granderp\"},\"image\":{\"@id\":\"https:\\\/\\\/granderp.com\\\/#\\\/schema\\\/logo\\\/image\\\/\"}}]}<\/script>\n<!-- \/ Yoast SEO plugin. -->","yoast_head_json":{"title":"Om oss - Granderp","robots":{"index":"index","follow":"follow","max-snippet":"max-snippet:-1","max-image-preview":"max-image-preview:large","max-video-preview":"max-video-preview:-1"},"canonical":"https:\/\/granderp.com\/no\/om-oss\/","og_locale":"nb_NO","og_type":"article","og_title":"Om oss - Granderp","og_description":"V\u00c5R REISE \/ V\u00c5R HISTORIE Vi er en dynamisk konserngruppe som tilbyr omfattende tjenester innen IT. Mens vi har base i Litauen, er v\u00e5re teammedlemmer spredt globalt. V\u00e5r spesialkompetanse ligger i programmering, prim\u00e6rt med fokus p\u00e5 Python og JavaScript. Vi er dedikert til \u00e5 drive produktivitetsforbedringer i n\u00e6ringslivet. Vi mener sterkt at produktivitet er en [&hellip;]","og_url":"https:\/\/granderp.com\/no\/om-oss\/","og_site_name":"Granderp","article_modified_time":"2024-02-06T12:04:27+00:00","twitter_card":"summary_large_image","twitter_misc":{"Ansl. lesetid":"2 minutter"},"schema":{"@context":"https:\/\/schema.org","@graph":[{"@type":"WebPage","@id":"https:\/\/granderp.com\/no\/om-oss\/","url":"https:\/\/granderp.com\/no\/om-oss\/","name":"Om oss - Granderp","isPartOf":{"@id":"https:\/\/granderp.com\/#website"},"datePublished":"2019-08-14T15:27:54+00:00","dateModified":"2024-02-06T12:04:27+00:00","breadcrumb":{"@id":"https:\/\/granderp.com\/no\/om-oss\/#breadcrumb"},"inLanguage":"nb-NO","potentialAction":[{"@type":"ReadAction","target":["https:\/\/granderp.com\/no\/om-oss\/"]}]},{"@type":"BreadcrumbList","@id":"https:\/\/granderp.com\/no\/om-oss\/#breadcrumb","itemListElement":[{"@type":"ListItem","position":1,"name":"Home","item":"https:\/\/granderp.com\/no\/home\/"},{"@type":"ListItem","position":2,"name":"Om oss"}]},{"@type":"WebSite","@id":"https:\/\/granderp.com\/#website","url":"https:\/\/granderp.com\/","name":"Granderp.com","description":"CRM Software. Designed for dynamic sales teams, streamlines your sales process with a user-friendly interface, mobile access, automated lead nurturing.","publisher":{"@id":"https:\/\/granderp.com\/#organization"},"potentialAction":[{"@type":"SearchAction","target":{"@type":"EntryPoint","urlTemplate":"https:\/\/granderp.com\/?s={search_term_string}"},"query-input":{"@type":"PropertyValueSpecification","valueRequired":true,"valueName":"search_term_string"}}],"inLanguage":"nb-NO"},{"@type":"Organization","@id":"https:\/\/granderp.com\/#organization","name":"Granderp","url":"https:\/\/granderp.com\/","logo":{"@type":"ImageObject","inLanguage":"nb-NO","@id":"https:\/\/granderp.com\/#\/schema\/logo\/image\/","url":"https:\/\/granderp.com\/wp-content\/uploads\/2023\/06\/granderp-logo.svg","contentUrl":"https:\/\/granderp.com\/wp-content\/uploads\/2023\/06\/granderp-logo.svg","width":587.2,"height":57.1,"caption":"Granderp"},"image":{"@id":"https:\/\/granderp.com\/#\/schema\/logo\/image\/"}}]}},"_links":{"self":[{"href":"https:\/\/granderp.com\/no\/wp-json\/wp\/v2\/pages\/1721","targetHints":{"allow":["GET"]}}],"collection":[{"href":"https:\/\/granderp.com\/no\/wp-json\/wp\/v2\/pages"}],"about":[{"href":"https:\/\/granderp.com\/no\/wp-json\/wp\/v2\/types\/page"}],"author":[{"embeddable":true,"href":"https:\/\/granderp.com\/no\/wp-json\/wp\/v2\/users\/1"}],"replies":[{"embeddable":true,"href":"https:\/\/granderp.com\/no\/wp-json\/wp\/v2\/comments?post=1721"}],"version-history":[{"count":9,"href":"https:\/\/granderp.com\/no\/wp-json\/wp\/v2\/pages\/1721\/revisions"}],"predecessor-version":[{"id":2867,"href":"https:\/\/granderp.com\/no\/wp-json\/wp\/v2\/pages\/1721\/revisions\/2867"}],"wp:attachment":[{"href":"https:\/\/granderp.com\/no\/wp-json\/wp\/v2\/media?parent=1721"}],"curies":[{"name":"wp","href":"https:\/\/api.w.org\/{rel}","templated":true}]}}