{"id":1733,"date":"2023-06-08T05:18:52","date_gmt":"2023-06-08T05:18:52","guid":{"rendered":"https:\/\/granderp.com\/bransjer\/"},"modified":"2024-01-28T19:32:43","modified_gmt":"2024-01-28T19:32:43","slug":"bransjer","status":"publish","type":"page","link":"https:\/\/granderp.com\/no\/bransjer\/","title":{"rendered":"BRANSJER"},"content":{"rendered":"\t\t<div data-elementor-type=\"wp-page\" data-elementor-id=\"1733\" class=\"elementor elementor-1733 elementor-466\">\n\t\t\t\t\t\t<section class=\"elementor-section elementor-top-section elementor-element elementor-element-0842f2e elementor-section-stretched elementor-section-boxed elementor-section-height-default elementor-section-height-default\" data-id=\"0842f2e\" data-element_type=\"section\" data-e-type=\"section\" data-settings=\"{&quot;jet_parallax_layout_list&quot;:[{&quot;jet_parallax_layout_image&quot;:{&quot;url&quot;:&quot;&quot;,&quot;id&quot;:&quot;&quot;,&quot;size&quot;:&quot;&quot;},&quot;_id&quot;:&quot;7cae023&quot;,&quot;jet_parallax_layout_image_tablet&quot;:{&quot;url&quot;:&quot;&quot;,&quot;id&quot;:&quot;&quot;,&quot;size&quot;:&quot;&quot;},&quot;jet_parallax_layout_image_mobile&quot;:{&quot;url&quot;:&quot;&quot;,&quot;id&quot;:&quot;&quot;,&quot;size&quot;:&quot;&quot;},&quot;jet_parallax_layout_speed&quot;:{&quot;unit&quot;:&quot;%&quot;,&quot;size&quot;:&quot;50&quot;,&quot;sizes&quot;:[]},&quot;jet_parallax_layout_bg_x&quot;:&quot;50&quot;,&quot;jet_parallax_layout_bg_y&quot;:&quot;50&quot;,&quot;jet_parallax_layout_type&quot;:&quot;scroll&quot;,&quot;jet_parallax_layout_direction&quot;:&quot;1&quot;,&quot;jet_parallax_layout_fx_direction&quot;:null,&quot;jet_parallax_layout_z_index&quot;:&quot;&quot;,&quot;jet_parallax_layout_bg_x_tablet&quot;:&quot;&quot;,&quot;jet_parallax_layout_bg_x_mobile&quot;:&quot;&quot;,&quot;jet_parallax_layout_bg_y_tablet&quot;:&quot;&quot;,&quot;jet_parallax_layout_bg_y_mobile&quot;:&quot;&quot;,&quot;jet_parallax_layout_bg_size&quot;:&quot;auto&quot;,&quot;jet_parallax_layout_bg_size_tablet&quot;:&quot;&quot;,&quot;jet_parallax_layout_bg_size_mobile&quot;:&quot;&quot;,&quot;jet_parallax_layout_animation_prop&quot;:&quot;transform&quot;,&quot;jet_parallax_layout_on&quot;:[&quot;desktop&quot;,&quot;tablet&quot;]}],&quot;background_background&quot;:&quot;classic&quot;,&quot;stretch_section&quot;:&quot;section-stretched&quot;}\">\n\t\t\t\t\t\t\t<div class=\"elementor-background-overlay\"><\/div>\n\t\t\t\t\t\t\t<div class=\"elementor-container elementor-column-gap-default\">\n\t\t\t\t\t<div class=\"elementor-column elementor-col-100 elementor-top-column elementor-element elementor-element-e90ed2d\" data-id=\"e90ed2d\" data-element_type=\"column\" data-e-type=\"column\">\n\t\t\t<div class=\"elementor-widget-wrap elementor-element-populated\">\n\t\t\t\t\t\t<div class=\"elementor-element elementor-element-029129c elementor-tablet-align-center elementor-align-left elementor-widget elementor-widget-raven-heading\" data-id=\"029129c\" data-element_type=\"widget\" data-e-type=\"widget\" data-widget_type=\"raven-heading.default\">\n\t\t\t\t<div class=\"elementor-widget-container\">\n\t\t\t\t\t\t\t<div class=\"raven-widget-wrapper\"><h2 class=\"raven-heading raven-heading-h2\"><span class=\"raven-heading-title \">BRANSJER<\/span><\/h2><\/div>\n\t\t\t\t\t\t<\/div>\n\t\t\t\t<\/div>\n\t\t\t\t\t<\/div>\n\t\t<\/div>\n\t\t\t\t\t<\/div>\n\t\t<\/section>\n\t\t\t\t<section class=\"elementor-section elementor-top-section elementor-element elementor-element-9eda183 elementor-section-stretched elementor-hidden-desktop elementor-hidden-tablet elementor-hidden-mobile elementor-section-boxed elementor-section-height-default elementor-section-height-default\" data-id=\"9eda183\" data-element_type=\"section\" data-e-type=\"section\" data-settings=\"{&quot;jet_parallax_layout_list&quot;:[],&quot;background_background&quot;:&quot;classic&quot;,&quot;stretch_section&quot;:&quot;section-stretched&quot;}\">\n\t\t\t\t\t\t<div class=\"elementor-container elementor-column-gap-default\">\n\t\t\t\t\t<div class=\"elementor-column elementor-col-100 elementor-top-column elementor-element elementor-element-62b2e4f\" data-id=\"62b2e4f\" data-element_type=\"column\" data-e-type=\"column\">\n\t\t\t<div class=\"elementor-widget-wrap elementor-element-populated\">\n\t\t\t\t\t\t<div class=\"elementor-element elementor-element-dc72264 elementor-tabs-view-horizontal elementor-widget elementor-widget-tabs\" data-id=\"dc72264\" data-element_type=\"widget\" data-e-type=\"widget\" data-widget_type=\"tabs.default\">\n\t\t\t\t<div class=\"elementor-widget-container\">\n\t\t\t\t\t\t\t<div class=\"elementor-tabs\">\n\t\t\t<div class=\"elementor-tabs-wrapper\" role=\"tablist\" >\n\t\t\t\t\t\t\t\t\t<div id=\"elementor-tab-title-2311\" class=\"elementor-tab-title elementor-tab-desktop-title\" aria-selected=\"true\" data-tab=\"1\" role=\"tab\" tabindex=\"0\" aria-controls=\"elementor-tab-content-2311\" aria-expanded=\"false\">Programvare for produksjonsstyring<\/div>\n\t\t\t\t\t\t\t\t\t<div id=\"elementor-tab-title-2312\" class=\"elementor-tab-title elementor-tab-desktop-title\" aria-selected=\"false\" data-tab=\"2\" role=\"tab\" tabindex=\"-1\" aria-controls=\"elementor-tab-content-2312\" aria-expanded=\"false\">Programvare for byggestyring<\/div>\n\t\t\t\t\t\t\t\t\t<div id=\"elementor-tab-title-2313\" class=\"elementor-tab-title elementor-tab-desktop-title\" aria-selected=\"false\" data-tab=\"3\" role=\"tab\" tabindex=\"-1\" aria-controls=\"elementor-tab-content-2313\" aria-expanded=\"false\">Programvare for tjenesteh\u00e5ndtering<\/div>\n\t\t\t\t\t\t\t\t\t<div id=\"elementor-tab-title-2314\" class=\"elementor-tab-title elementor-tab-desktop-title\" aria-selected=\"false\" data-tab=\"4\" role=\"tab\" tabindex=\"-1\" aria-controls=\"elementor-tab-content-2314\" aria-expanded=\"false\">Programvare for administrasjon av gjenvinning<\/div>\n\t\t\t\t\t\t\t<\/div>\n\t\t\t<div class=\"elementor-tabs-content-wrapper\" role=\"tablist\" aria-orientation=\"vertical\">\n\t\t\t\t\t\t\t\t\t<div class=\"elementor-tab-title elementor-tab-mobile-title\" aria-selected=\"true\" data-tab=\"1\" role=\"tab\" tabindex=\"0\" aria-controls=\"elementor-tab-content-2311\" aria-expanded=\"false\">Programvare for produksjonsstyring<\/div>\n\t\t\t\t\t<div id=\"elementor-tab-content-2311\" class=\"elementor-tab-content elementor-clearfix\" data-tab=\"1\" role=\"tabpanel\" aria-labelledby=\"elementor-tab-title-2311\" tabindex=\"0\" hidden=\"false\"><table>\n<tbody>\n<tr valign=\"top\">\n<td width=\"60%\">\n<h4>Programvare for produksjonsstyring<\/h4>\n<p>V\u00e5r spesialiserte ERP-l\u00f8sning er designet for b\u00e5de diskret og batch-prosessproduksjon.<\/p>\n<p>H\u00e5ndter alle aspekter av din produksjonsvirksomhet s\u00f8ml\u00f8st og \u00f8k produktiviteten med v\u00e5r altomfattende, mobilvennlige produksjons-ERP skreddersydd for dine spesifikke behov.<\/td>\n<td align=\"center\"><img width=\"300px\" height=\"300px\"><\/td>\n<\/tr>\n<\/tbody>\n<\/table>\n<p><a class=\"btnitb\" href=\"https:\/\/granderp.com\/industies\/manufacturing\/\">Mer informasjon<\/a><\/p>\n<\/div>\n\t\t\t\t\t\t\t\t\t<div class=\"elementor-tab-title elementor-tab-mobile-title\" aria-selected=\"false\" data-tab=\"2\" role=\"tab\" tabindex=\"-1\" aria-controls=\"elementor-tab-content-2312\" aria-expanded=\"false\">Programvare for byggestyring<\/div>\n\t\t\t\t\t<div id=\"elementor-tab-content-2312\" class=\"elementor-tab-content elementor-clearfix\" data-tab=\"2\" role=\"tabpanel\" aria-labelledby=\"elementor-tab-title-2312\" tabindex=\"0\" hidden=\"hidden\"><table>\n<tbody>\n<tr valign=\"top\">\n<td width=\"60%\">\n<h4>Programvare for byggestyring<\/h4>\n<p>Styrk dine prosesser innen bolig- og kommersiell byggevirksomhet med v\u00e5r fleksible Cloud ERP-l\u00f8sning.<\/p>\n<p>F\u00f8lg prosjektets fremgang og kostnader, fremme forretningsutvidelse og fremme forbedret kommunikasjon mellom ledere, tilsynsf\u00f8rere, underleverand\u00f8rer og kunder, alt gjennom v\u00e5r brukervennlige skybaserte byggesoftware.<\/td>\n<td align=\"center\"><img width=\"300px\" height=\"300px\"><\/td>\n<\/tr>\n<\/tbody>\n<\/table>\n<p><a class=\"btnitb\" href=\"https:\/\/granderp.com\/industies\/construction\/\">Mer informasjon<\/a><\/p>\n<\/div>\n\t\t\t\t\t\t\t\t\t<div class=\"elementor-tab-title elementor-tab-mobile-title\" aria-selected=\"false\" data-tab=\"3\" role=\"tab\" tabindex=\"-1\" aria-controls=\"elementor-tab-content-2313\" aria-expanded=\"false\">Programvare for tjenesteh\u00e5ndtering<\/div>\n\t\t\t\t\t<div id=\"elementor-tab-content-2313\" class=\"elementor-tab-content elementor-clearfix\" data-tab=\"3\" role=\"tabpanel\" aria-labelledby=\"elementor-tab-title-2313\" tabindex=\"0\" hidden=\"hidden\"><table>\n<tbody>\n<tr valign=\"top\">\n<td width=\"60%\">\n<h4>Programvare for tjenesteh\u00e5ndtering<\/h4>\n<p>Gi din forretningsvekst et l\u00f8ft med v\u00e5r helhetlige ERP-l\u00f8sning, skreddersydd for sm\u00e5 til mellomstore felttjenestefirmaer.<\/p>\n<p>Hold deg i forkant av konkurransen i den krevende bransjelandskapet, reduser administrative oppgaver og sikre enest\u00e5ende tjenesteleveranse med v\u00e5r ekspert programvare for \u00f8konomi og prosjektregnskap utviklet for profesjonelle tjenester.<\/td>\n<td align=\"center\"><img width=\"300px\" height=\"300px\"><\/td>\n<\/tr>\n<\/tbody>\n<\/table>\n<p><a class=\"btnitb\" href=\"https:\/\/granderp.com\/industies\/services\/\">Mer informasjon<\/a><\/p>\n<\/div>\n\t\t\t\t\t\t\t\t\t<div class=\"elementor-tab-title elementor-tab-mobile-title\" aria-selected=\"false\" data-tab=\"4\" role=\"tab\" tabindex=\"-1\" aria-controls=\"elementor-tab-content-2314\" aria-expanded=\"false\">Programvare for administrasjon av gjenvinning<\/div>\n\t\t\t\t\t<div id=\"elementor-tab-content-2314\" class=\"elementor-tab-content elementor-clearfix\" data-tab=\"4\" role=\"tabpanel\" aria-labelledby=\"elementor-tab-title-2314\" tabindex=\"0\" hidden=\"hidden\"><table>\n<tbody>\n<tr valign=\"top\">\n<td width=\"60%\">\n<h4>Programvare for administrasjon av gjenvinning<\/h4>\n<p>Hev effektiviteten i din virksomhet med v\u00e5r altomfattende ERP-l\u00f8sning, n\u00f8ye utformet for sm\u00e5 til mellomstore gjenvinningsfirmaer.<\/p>\n<p>Automatiser rutineoppgaver, optimaliser datamanagement og reduser driftskostnadene med v\u00e5r sofistikerte resirkuleringsstyringsprogramvare. Hold deg i forkant av konkurransen samtidig som du sikrer maksimal kostnadseffektivitet og f\u00f8rsteklasses tjenesteleveranse.<\/td>\n<td align=\"center\"><img width=\"300px\" height=\"300px\"><\/td>\n<\/tr>\n<\/tbody>\n<\/table>\n<p><a class=\"btnitb\" href=\"https:\/\/granderp.com\/industies\/recycling\/\">Mer informasjon<\/a><\/p>\n<\/div>\n\t\t\t\t\t\t\t<\/div>\n\t\t<\/div>\n\t\t\t\t\t\t<\/div>\n\t\t\t\t<\/div>\n\t\t\t\t\t<\/div>\n\t\t<\/div>\n\t\t\t\t\t<\/div>\n\t\t<\/section>\n\t\t\t\t<section class=\"elementor-section elementor-top-section elementor-element elementor-element-8a33ec6 elementor-section-boxed elementor-section-height-default elementor-section-height-default\" data-id=\"8a33ec6\" data-element_type=\"section\" data-e-type=\"section\" data-settings=\"{&quot;jet_parallax_layout_list&quot;:[]}\">\n\t\t\t\t\t\t<div class=\"elementor-container elementor-column-gap-default\">\n\t\t\t\t\t<div class=\"elementor-column elementor-col-100 elementor-top-column elementor-element elementor-element-6c31005\" data-id=\"6c31005\" data-element_type=\"column\" data-e-type=\"column\">\n\t\t\t<div class=\"elementor-widget-wrap elementor-element-populated\">\n\t\t\t\t\t\t<div class=\"elementor-element elementor-element-20a0dd8 elementor-widget elementor-widget-shortcode\" data-id=\"20a0dd8\" data-element_type=\"widget\" data-e-type=\"widget\" data-widget_type=\"shortcode.default\">\n\t\t\t\t<div class=\"elementor-widget-container\">\n\t\t\t\t\t\t\t<div class=\"elementor-shortcode\">\n\n<section class=\"children-pages\">\n\t                    <div class=\"children-pages__grid\">\n\t                                <div class=\"children-pages__image children-pages__block\">\n\t                    <div id=\"gamyba2\"><\/div>                    <\/div>\n\t                                            <div class=\"children-pages__content children-pages__block\">\n                    <h2 class=\"children-pages__content-title\">BYGGESTYRING<\/h2>\n                                            <div class=\"children-pages__content-text\"><p>Styrk dine prosesser innen bolig- og kommersiell byggevirksomhet med v\u00e5r fleksible Cloud ERP-l\u00f8sning.<\/p>\n<p>F\u00f8lg prosjektets fremgang og kostnader, fremme forretningsutvidelse og fremme forbedret kommunikasjon mellom ledere, tilsynsf\u00f8rere, underleverand\u00f8rer og kunder, alt gjennom v\u00e5r brukervennlige skybaserte byggesoftware.<\/p>\n<\/div>\n                                        <a class=\"children-pages__content-btn\" href=\"https:\/\/granderp.com\/no\/bransjer\/byggestyring\/\">Mer<\/a>\n                <\/div>\n            <\/div>\n                    <div class=\"children-pages__grid\">\n\t                                <div class=\"children-pages__image children-pages__block\">\n\t                    <div id=\"darb-aplinka\"><\/div>                    <\/div>\n\t                                            <div class=\"children-pages__content children-pages__block\">\n                    <h2 class=\"children-pages__content-title\">Manufacturing<\/h2>\n                                            <div class=\"children-pages__content-text\"><p>V\u00e5r spesialiserte ERP-l\u00f8sning er designet for b\u00e5de diskret og batch-prosessproduksjon.<\/p>\n<p>H\u00e5ndter alle aspekter av din produksjonsvirksomhet s\u00f8ml\u00f8st og \u00f8k produktiviteten med v\u00e5r altomfattende, mobilvennlige produksjons-ERP skreddersydd for dine spesifikke behov.<\/p>\n<\/div>\n                                        <a class=\"children-pages__content-btn\" href=\"https:\/\/granderp.com\/no\/bransjer\/manufacturing\/\">Mer<\/a>\n                <\/div>\n            <\/div>\n                    <div class=\"children-pages__grid\">\n\t                                <div class=\"children-pages__image children-pages__block\">\n\t                    <div id=\"field-service\"><\/div>                    <\/div>\n\t                                            <div class=\"children-pages__content children-pages__block\">\n                    <h2 class=\"children-pages__content-title\">Services<\/h2>\n                                            <div class=\"children-pages__content-text\"><p>Gi din forretningsvekst et l\u00f8ft med v\u00e5r helhetlige ERP-l\u00f8sning, skreddersydd for sm\u00e5 til mellomstore felttjenestefirmaer.<\/p>\n<p>Hold deg i forkant av konkurransen i den krevende bransjelandskapet, reduser administrative oppgaver og sikre enest\u00e5ende tjenesteleveranse med v\u00e5r ekspert programvare for \u00f8konomi og prosjektregnskap utviklet for profesjonelle tjenester.<\/p>\n<\/div>\n                                        <a class=\"children-pages__content-btn\" href=\"https:\/\/granderp.com\/no\/bransjer\/services\/\">Mer<\/a>\n                <\/div>\n            <\/div>\n                    <div class=\"children-pages__grid\">\n\t                                <div class=\"children-pages__image children-pages__block\">\n\t                    <div id=\"pirk-pard\"><\/div>                    <\/div>\n\t                                            <div class=\"children-pages__content children-pages__block\">\n                    <h2 class=\"children-pages__content-title\">Recycling<\/h2>\n                                            <div class=\"children-pages__content-text\"><p>Hev effektiviteten i din virksomhet med v\u00e5r altomfattende ERP-l\u00f8sning, n\u00f8ye utformet for sm\u00e5 til mellomstore gjenvinningsfirmaer.<\/p>\n<p>Automatiser rutineoppgaver, optimaliser datamanagement og reduser driftskostnadene med v\u00e5r sofistikerte resirkuleringsstyringsprogramvare. Hold deg i forkant av konkurransen samtidig som du sikrer maksimal kostnadseffektivitet og f\u00f8rsteklasses tjenesteleveranse.<\/p>\n<\/div>\n                                        <a class=\"children-pages__content-btn\" href=\"https:\/\/granderp.com\/no\/bransjer\/recycling\/\">Mer<\/a>\n                <\/div>\n            <\/div>\n        \t<\/section><\/div>\n\t\t\t\t\t\t<\/div>\n\t\t\t\t<\/div>\n\t\t\t\t\t<\/div>\n\t\t<\/div>\n\t\t\t\t\t<\/div>\n\t\t<\/section>\n\t\t\t\t<\/div>\n\t\t","protected":false},"excerpt":{"rendered":"<p>BRANSJER Programvare for produksjonsstyring Programvare for byggestyring Programvare for tjenesteh\u00e5ndtering Programvare for administrasjon av gjenvinning Programvare for produksjonsstyring Programvare for produksjonsstyring V\u00e5r spesialiserte ERP-l\u00f8sning er designet for b\u00e5de diskret og batch-prosessproduksjon. H\u00e5ndter alle aspekter av din produksjonsvirksomhet s\u00f8ml\u00f8st og \u00f8k produktiviteten med v\u00e5r altomfattende, mobilvennlige produksjons-ERP skreddersydd for dine spesifikke behov. Mer informasjon Programvare for [&hellip;]<\/p>\n","protected":false},"author":1,"featured_media":0,"parent":0,"menu_order":0,"comment_status":"closed","ping_status":"closed","template":"","meta":{"_acf_changed":false,"footnotes":""},"class_list":["post-1733","page","type-page","status-publish","hentry"],"acf":[],"yoast_head":"<!-- This site is optimized with the Yoast SEO plugin v27.4 - https:\/\/yoast.com\/product\/yoast-seo-wordpress\/ -->\n<title>BRANSJER - Granderp<\/title>\n<meta name=\"robots\" content=\"index, follow, max-snippet:-1, max-image-preview:large, max-video-preview:-1\" \/>\n<link rel=\"canonical\" href=\"https:\/\/granderp.com\/no\/bransjer\/\" \/>\n<meta property=\"og:locale\" content=\"nb_NO\" \/>\n<meta property=\"og:type\" content=\"article\" \/>\n<meta property=\"og:title\" content=\"BRANSJER - Granderp\" \/>\n<meta property=\"og:description\" content=\"BRANSJER Programvare for produksjonsstyring Programvare for byggestyring Programvare for tjenesteh\u00e5ndtering Programvare for administrasjon av gjenvinning Programvare for produksjonsstyring Programvare for produksjonsstyring V\u00e5r spesialiserte ERP-l\u00f8sning er designet for b\u00e5de diskret og batch-prosessproduksjon. H\u00e5ndter alle aspekter av din produksjonsvirksomhet s\u00f8ml\u00f8st og \u00f8k produktiviteten med v\u00e5r altomfattende, mobilvennlige produksjons-ERP skreddersydd for dine spesifikke behov. Mer informasjon Programvare for [&hellip;]\" \/>\n<meta property=\"og:url\" content=\"https:\/\/granderp.com\/no\/bransjer\/\" \/>\n<meta property=\"og:site_name\" content=\"Granderp\" \/>\n<meta property=\"article:modified_time\" content=\"2024-01-28T19:32:43+00:00\" \/>\n<meta name=\"twitter:card\" content=\"summary_large_image\" \/>\n<meta name=\"twitter:label1\" content=\"Ansl. lesetid\" \/>\n\t<meta name=\"twitter:data1\" content=\"1 minutt\" \/>\n<script type=\"application\/ld+json\" class=\"yoast-schema-graph\">{\"@context\":\"https:\\\/\\\/schema.org\",\"@graph\":[{\"@type\":\"WebPage\",\"@id\":\"https:\\\/\\\/granderp.com\\\/no\\\/bransjer\\\/\",\"url\":\"https:\\\/\\\/granderp.com\\\/no\\\/bransjer\\\/\",\"name\":\"BRANSJER - Granderp\",\"isPartOf\":{\"@id\":\"https:\\\/\\\/granderp.com\\\/#website\"},\"datePublished\":\"2023-06-08T05:18:52+00:00\",\"dateModified\":\"2024-01-28T19:32:43+00:00\",\"breadcrumb\":{\"@id\":\"https:\\\/\\\/granderp.com\\\/no\\\/bransjer\\\/#breadcrumb\"},\"inLanguage\":\"nb-NO\",\"potentialAction\":[{\"@type\":\"ReadAction\",\"target\":[\"https:\\\/\\\/granderp.com\\\/no\\\/bransjer\\\/\"]}]},{\"@type\":\"BreadcrumbList\",\"@id\":\"https:\\\/\\\/granderp.com\\\/no\\\/bransjer\\\/#breadcrumb\",\"itemListElement\":[{\"@type\":\"ListItem\",\"position\":1,\"name\":\"Home\",\"item\":\"https:\\\/\\\/granderp.com\\\/no\\\/home\\\/\"},{\"@type\":\"ListItem\",\"position\":2,\"name\":\"BRANSJER\"}]},{\"@type\":\"WebSite\",\"@id\":\"https:\\\/\\\/granderp.com\\\/#website\",\"url\":\"https:\\\/\\\/granderp.com\\\/\",\"name\":\"Granderp.com\",\"description\":\"CRM Software. Designed for dynamic sales teams, streamlines your sales process with a user-friendly interface, mobile access, automated lead nurturing.\",\"publisher\":{\"@id\":\"https:\\\/\\\/granderp.com\\\/#organization\"},\"potentialAction\":[{\"@type\":\"SearchAction\",\"target\":{\"@type\":\"EntryPoint\",\"urlTemplate\":\"https:\\\/\\\/granderp.com\\\/?s={search_term_string}\"},\"query-input\":{\"@type\":\"PropertyValueSpecification\",\"valueRequired\":true,\"valueName\":\"search_term_string\"}}],\"inLanguage\":\"nb-NO\"},{\"@type\":\"Organization\",\"@id\":\"https:\\\/\\\/granderp.com\\\/#organization\",\"name\":\"Granderp\",\"url\":\"https:\\\/\\\/granderp.com\\\/\",\"logo\":{\"@type\":\"ImageObject\",\"inLanguage\":\"nb-NO\",\"@id\":\"https:\\\/\\\/granderp.com\\\/#\\\/schema\\\/logo\\\/image\\\/\",\"url\":\"https:\\\/\\\/granderp.com\\\/wp-content\\\/uploads\\\/2023\\\/06\\\/granderp-logo.svg\",\"contentUrl\":\"https:\\\/\\\/granderp.com\\\/wp-content\\\/uploads\\\/2023\\\/06\\\/granderp-logo.svg\",\"width\":587.2,\"height\":57.1,\"caption\":\"Granderp\"},\"image\":{\"@id\":\"https:\\\/\\\/granderp.com\\\/#\\\/schema\\\/logo\\\/image\\\/\"}}]}<\/script>\n<!-- \/ Yoast SEO plugin. -->","yoast_head_json":{"title":"BRANSJER - Granderp","robots":{"index":"index","follow":"follow","max-snippet":"max-snippet:-1","max-image-preview":"max-image-preview:large","max-video-preview":"max-video-preview:-1"},"canonical":"https:\/\/granderp.com\/no\/bransjer\/","og_locale":"nb_NO","og_type":"article","og_title":"BRANSJER - Granderp","og_description":"BRANSJER Programvare for produksjonsstyring Programvare for byggestyring Programvare for tjenesteh\u00e5ndtering Programvare for administrasjon av gjenvinning Programvare for produksjonsstyring Programvare for produksjonsstyring V\u00e5r spesialiserte ERP-l\u00f8sning er designet for b\u00e5de diskret og batch-prosessproduksjon. H\u00e5ndter alle aspekter av din produksjonsvirksomhet s\u00f8ml\u00f8st og \u00f8k produktiviteten med v\u00e5r altomfattende, mobilvennlige produksjons-ERP skreddersydd for dine spesifikke behov. Mer informasjon Programvare for [&hellip;]","og_url":"https:\/\/granderp.com\/no\/bransjer\/","og_site_name":"Granderp","article_modified_time":"2024-01-28T19:32:43+00:00","twitter_card":"summary_large_image","twitter_misc":{"Ansl. lesetid":"1 minutt"},"schema":{"@context":"https:\/\/schema.org","@graph":[{"@type":"WebPage","@id":"https:\/\/granderp.com\/no\/bransjer\/","url":"https:\/\/granderp.com\/no\/bransjer\/","name":"BRANSJER - Granderp","isPartOf":{"@id":"https:\/\/granderp.com\/#website"},"datePublished":"2023-06-08T05:18:52+00:00","dateModified":"2024-01-28T19:32:43+00:00","breadcrumb":{"@id":"https:\/\/granderp.com\/no\/bransjer\/#breadcrumb"},"inLanguage":"nb-NO","potentialAction":[{"@type":"ReadAction","target":["https:\/\/granderp.com\/no\/bransjer\/"]}]},{"@type":"BreadcrumbList","@id":"https:\/\/granderp.com\/no\/bransjer\/#breadcrumb","itemListElement":[{"@type":"ListItem","position":1,"name":"Home","item":"https:\/\/granderp.com\/no\/home\/"},{"@type":"ListItem","position":2,"name":"BRANSJER"}]},{"@type":"WebSite","@id":"https:\/\/granderp.com\/#website","url":"https:\/\/granderp.com\/","name":"Granderp.com","description":"CRM Software. Designed for dynamic sales teams, streamlines your sales process with a user-friendly interface, mobile access, automated lead nurturing.","publisher":{"@id":"https:\/\/granderp.com\/#organization"},"potentialAction":[{"@type":"SearchAction","target":{"@type":"EntryPoint","urlTemplate":"https:\/\/granderp.com\/?s={search_term_string}"},"query-input":{"@type":"PropertyValueSpecification","valueRequired":true,"valueName":"search_term_string"}}],"inLanguage":"nb-NO"},{"@type":"Organization","@id":"https:\/\/granderp.com\/#organization","name":"Granderp","url":"https:\/\/granderp.com\/","logo":{"@type":"ImageObject","inLanguage":"nb-NO","@id":"https:\/\/granderp.com\/#\/schema\/logo\/image\/","url":"https:\/\/granderp.com\/wp-content\/uploads\/2023\/06\/granderp-logo.svg","contentUrl":"https:\/\/granderp.com\/wp-content\/uploads\/2023\/06\/granderp-logo.svg","width":587.2,"height":57.1,"caption":"Granderp"},"image":{"@id":"https:\/\/granderp.com\/#\/schema\/logo\/image\/"}}]}},"_links":{"self":[{"href":"https:\/\/granderp.com\/no\/wp-json\/wp\/v2\/pages\/1733","targetHints":{"allow":["GET"]}}],"collection":[{"href":"https:\/\/granderp.com\/no\/wp-json\/wp\/v2\/pages"}],"about":[{"href":"https:\/\/granderp.com\/no\/wp-json\/wp\/v2\/types\/page"}],"author":[{"embeddable":true,"href":"https:\/\/granderp.com\/no\/wp-json\/wp\/v2\/users\/1"}],"replies":[{"embeddable":true,"href":"https:\/\/granderp.com\/no\/wp-json\/wp\/v2\/comments?post=1733"}],"version-history":[{"count":4,"href":"https:\/\/granderp.com\/no\/wp-json\/wp\/v2\/pages\/1733\/revisions"}],"predecessor-version":[{"id":2333,"href":"https:\/\/granderp.com\/no\/wp-json\/wp\/v2\/pages\/1733\/revisions\/2333"}],"wp:attachment":[{"href":"https:\/\/granderp.com\/no\/wp-json\/wp\/v2\/media?parent=1733"}],"curies":[{"name":"wp","href":"https:\/\/api.w.org\/{rel}","templated":true}]}}